{"id":1120,"date":"2019-12-25T16:00:48","date_gmt":"2019-12-25T21:00:48","guid":{"rendered":"http:\/\/bromelakegc.org\/specials-staging\/"},"modified":"2025-09-02T12:52:42","modified_gmt":"2025-09-02T16:52:42","slug":"activites","status":"publish","type":"page","link":"https:\/\/bromelakegc.org\/fr\/activites\/","title":{"rendered":"Activit\u00e9s"},"content":{"rendered":"<div class=\"boldgrid-section\">\n<div class=\"container\">\n<div class=\"row\">\n<div class=\"col-md-12 col-xs-12 col-sm-9 col-lg-12\">\n<p><span style=\"color: #008000; font-family: georgia, palatino, serif; font-size: 30px;\">Activit\u00e9s<\/span><\/p>\n<\/div>\n<\/div>\n<\/div>\n<\/div>\n<div class=\"boldgrid-section\">\n<div class=\"container\">\n<div class=\"row\">\n<div class=\"col-md-7 col-margin-bottom col-xs-12 col-sm-7 col-lg-7\">\n<h2 class=\"\"><span style=\"font-size: 22px;\">Programme de Conf\u00e9renciers et Ateliers<\/span><\/h2>\n<div class=\"row gridblock\">\n<div class=\"col-md-12 col-xs-12 col-sm-12 col-lg-12\">\n<div class=\"row bg-editor-hr-wrap\">\n<div class=\"col-md-12 col-xs-12 col-sm-12 col-lg-12\">\n<hr>\n<\/div>\n<\/div>\n<\/div>\n<\/div>\n<p class=\"\"><span style=\"font-size: 15px;\">Ce programme rel\u00e8ve de notre mission qui est de promouvoir la connaissance du jardinage et de l&rsquo;horticulture, et d&rsquo;inspirer une plus grande conscience de l&rsquo;environnement. Au cours des ans, nous avons eu des conf\u00e9rences sur divers sujets, tels les derni\u00e8res tendances dans la conception de jardins et le soin des orchid\u00e9es au jardinage durable et au jardinage pour la faune et la flore. Chacun y trouve son compte.<\/span><\/p>\n<p class=\"\"><span style=\"font-size: 15px;\">Les conf\u00e9rences sont gratuites pour les membres. Les frais sont de $10 pour les invit\u00e9s des membres.<\/span><\/p>\n<div class=\"gridblock\">\n<p class=\"p-button-primary\"><span style=\"color: #ffffff;\"><strong><span style=\"font-family: helvetica, arial, sans-serif; font-size: 16px;\"><a class=\"button-primary button-overrides\" style=\"color: #ffffff;\" href=\"https:\/\/bromelakegc.org\/fr\/programme-de-conferences-2026\/\" target=\"_blank\" rel=\"noopener noreferrer\">Conf\u00e9renciers 2026<\/a><\/span><\/strong><\/span><\/p>\n<p class=\"\">&nbsp;<\/p>\n<\/div>\n<\/div>\n<div class=\"col-md-5 col-margin-bottom text-center col-xs-12 col-sm-5 col-lg-5\">\n<p class=\"\"><img data-recalc-dims=\"1\" loading=\"lazy\" decoding=\"async\" class=\"wp-image-1034 size-full\" src=\"https:\/\/i0.wp.com\/bromelakegc.org\/wp-content\/uploads\/2016\/02\/Terrarium.jpg?resize=1039%2C693&#038;ssl=1\" alt=\"\" width=\"1039\" height=\"693\" srcset=\"https:\/\/i0.wp.com\/bromelakegc.org\/wp-content\/uploads\/2016\/02\/Terrarium.jpg?w=1039&amp;ssl=1 1039w, https:\/\/i0.wp.com\/bromelakegc.org\/wp-content\/uploads\/2016\/02\/Terrarium.jpg?resize=300%2C200&amp;ssl=1 300w, https:\/\/i0.wp.com\/bromelakegc.org\/wp-content\/uploads\/2016\/02\/Terrarium.jpg?resize=768%2C512&amp;ssl=1 768w, https:\/\/i0.wp.com\/bromelakegc.org\/wp-content\/uploads\/2016\/02\/Terrarium.jpg?resize=1024%2C683&amp;ssl=1 1024w\" sizes=\"auto, (max-width: 1000px) 100vw, 1000px\" \/><\/p>\n<\/div>\n<\/div>\n<\/div>\n<\/div>\n<div class=\"boldgrid-section\">\n<div class=\"container\">\n<div class=\"row\">\n<div class=\"col-md-12 col-xs-12 col-sm-12 col-lg-12\"><\/div>\n<\/div>\n<\/div>\n<\/div>\n<div class=\"boldgrid-section\">\n<div class=\"container\">\n<div class=\"row\">\n<div class=\"col-md-4 text-center col-xs-12 col-sm-12 col-lg-4\">\n<p class=\"\"><img data-recalc-dims=\"1\" loading=\"lazy\" decoding=\"async\" class=\"wp-image-681 size-full\" src=\"https:\/\/i0.wp.com\/bromelakegc.org\/wp-content\/uploads\/2016\/02\/Garden-Tour.jpg?resize=4104%2C2736&#038;ssl=1\" alt=\"Garden Tour\" width=\"4104\" height=\"2736\"><\/p>\n<h2><span style=\"font-size: 22px;\">Visites de Jardins Estivales<\/span><\/h2>\n<div class=\"row gridblock\">\n<div class=\"col-md-12 col-xs-12 col-sm-12 col-lg-12\">\n<div class=\"row bg-editor-hr-wrap\">\n<div class=\"col-md-12 col-xs-12 col-sm-12 col-lg-12\">\n<hr>\n<\/div>\n<\/div>\n<\/div>\n<\/div>\n<p style=\"text-align: left;\"><span style=\"font-size: 15px;\">Chaque \u00e9t\u00e9, certains des plus beaux jardins priv\u00e9s des Cantons de l&rsquo;est ouvrent leurs portes au public&nbsp;:&nbsp;d&rsquo;un somptueux manoir style ch\u00e2teau surplombant le lac Brome, \u00e0 la charmante maison d&rsquo;artiste sur le bord d&rsquo;un \u00e9tang entour\u00e9 d&rsquo;arbres.<\/span><\/p>\n<p style=\"text-align: left;\"><span style=\"font-size: 15px;\">Les membres en profitent gratuitement et pour leurs invit\u00e9s les frais sont de $10 pour la tourn\u00e9e.<\/span><\/p>\n<p class=\"p-button-primary\"><span style=\"color: #ffffff;\"><strong><span style=\"font-family: helvetica, arial, sans-serif; font-size: 16px;\"><a class=\"button-primary button-overrides\" style=\"color: #ffffff;\" href=\"https:\/\/bromelakegc.org\/fr\/visites-de-jardins-estivales-2026\/\" target=\"_blank\" rel=\"noopener noreferrer\">Visites 2026<\/a><\/span><\/strong><\/span><\/p>\n<\/div>\n<div class=\"col-md-4 text-center col-xs-12 col-sm-12 col-lg-4\">\n<p><img data-recalc-dims=\"1\" loading=\"lazy\" decoding=\"async\" class=\"wp-image-682 size-full\" src=\"https:\/\/i0.wp.com\/bromelakegc.org\/wp-content\/uploads\/2016\/02\/Community.jpeg?resize=1140%2C760&#038;ssl=1\" alt=\"Community\" width=\"1140\" height=\"760\"><\/p>\n<h2><span style=\"font-size: 22px;\">Projets Communautaires<\/span><\/h2>\n<div class=\"row gridblock\">\n<div class=\"col-md-12 col-xs-12 col-sm-12 col-lg-12\">\n<div class=\"row bg-editor-hr-wrap\">\n<div class=\"col-md-12 col-xs-12 col-sm-12 col-lg-12\">\n<hr>\n<\/div>\n<\/div>\n<\/div>\n<\/div>\n<p style=\"text-align: left;\"><span style=\"font-size: 15px;\">Le Club participe \u00e0 la vie communautaire avec du terreau, des plantes et de la sueur!<\/span><\/p>\n<p class=\"\" style=\"text-align: left;\"><span style=\"font-size: 15px;\">Les activit\u00e9s vont de l&#8217;embellissement des espaces publics et commerciaux aux \u00e9v\u00e9nements de lev\u00e9es de fonds pour les communaut\u00e9s locales et \u00e0 la participation aux jardins communautaires.<\/span><\/p>\n<\/div>\n<div class=\"col-md-4 text-center col-xs-12 col-sm-12 col-lg-4\">\n<p class=\"\"><img data-recalc-dims=\"1\" loading=\"lazy\" decoding=\"async\" class=\"wp-image-863 size-full\" src=\"https:\/\/i0.wp.com\/bromelakegc.org\/wp-content\/uploads\/2016\/02\/IMG_4208.jpg?resize=960%2C640&#038;ssl=1\" width=\"960\" height=\"640\" srcset=\"https:\/\/i0.wp.com\/bromelakegc.org\/wp-content\/uploads\/2016\/02\/IMG_4208.jpg?w=960&amp;ssl=1 960w, https:\/\/i0.wp.com\/bromelakegc.org\/wp-content\/uploads\/2016\/02\/IMG_4208.jpg?resize=300%2C200&amp;ssl=1 300w, https:\/\/i0.wp.com\/bromelakegc.org\/wp-content\/uploads\/2016\/02\/IMG_4208.jpg?resize=768%2C512&amp;ssl=1 768w\" sizes=\"auto, (max-width: 960px) 100vw, 960px\" \/><\/p>\n<h2><span style=\"font-size: 22px;\">Excursions<\/span><\/h2>\n<div class=\"row gridblock\">\n<div class=\"col-md-12 col-xs-12 col-sm-12 col-lg-12\">\n<div class=\"row bg-editor-hr-wrap\">\n<div class=\"col-md-12 col-xs-12 col-sm-12 col-lg-12\">\n<hr>\n<\/div>\n<\/div>\n<\/div>\n<\/div>\n<p style=\"text-align: left;\"><span style=\"font-size: 15px;\">Le Club organise parfois des excursions pour les membres. Par exemple, le Jardin Botanique de Montr\u00e9al, les Jardins de M\u00e9tis en Gasp\u00e9sie et Les Quatre Vents dans Charlevoix, cr\u00e9\u00e9 par le regrett\u00e9 Frank Cabot et autrefois consid\u00e9r\u00e9 comme \u00ab&nbsp;le secret le mieux gard\u00e9 au Canada.&nbsp;\u00bb<\/span><\/p>\n<\/div>\n<\/div>\n<\/div>\n<\/div>\n","protected":false},"excerpt":{"rendered":"<p>Activit\u00e9s Programme de Conf\u00e9renciers et Ateliers Ce programme rel\u00e8ve de notre mission qui est de promouvoir la connaissance du jardinage et de l&rsquo;horticulture, et d&rsquo;inspirer une plus grande conscience de l&rsquo;environnement. Au cours des ans, nous avons eu des conf\u00e9rences sur divers sujets, tels les derni\u00e8res tendances dans la conception de jardins et le soin [&hellip;]<\/p>\n","protected":false},"author":2,"featured_media":0,"parent":0,"menu_order":0,"comment_status":"closed","ping_status":"closed","template":"","meta":{"footnotes":""},"class_list":["post-1120","page","type-page","status-publish"],"jetpack_shortlink":"https:\/\/wp.me\/P8IosC-i4","jetpack_sharing_enabled":true,"_links":{"self":[{"href":"https:\/\/bromelakegc.org\/fr\/wp-json\/wp\/v2\/pages\/1120","targetHints":{"allow":["GET"]}}],"collection":[{"href":"https:\/\/bromelakegc.org\/fr\/wp-json\/wp\/v2\/pages"}],"about":[{"href":"https:\/\/bromelakegc.org\/fr\/wp-json\/wp\/v2\/types\/page"}],"author":[{"embeddable":true,"href":"https:\/\/bromelakegc.org\/fr\/wp-json\/wp\/v2\/users\/2"}],"replies":[{"embeddable":true,"href":"https:\/\/bromelakegc.org\/fr\/wp-json\/wp\/v2\/comments?post=1120"}],"version-history":[{"count":38,"href":"https:\/\/bromelakegc.org\/fr\/wp-json\/wp\/v2\/pages\/1120\/revisions"}],"predecessor-version":[{"id":1122,"href":"https:\/\/bromelakegc.org\/fr\/wp-json\/wp\/v2\/pages\/1120\/revisions\/1122"}],"wp:attachment":[{"href":"https:\/\/bromelakegc.org\/fr\/wp-json\/wp\/v2\/media?parent=1120"}],"curies":[{"name":"wp","href":"https:\/\/api.w.org\/{rel}","templated":true}]}}