{"id":1124,"date":"2022-07-14T19:00:27","date_gmt":"2022-07-14T23:00:27","guid":{"rendered":"http:\/\/bromelakegc.org\/?page_id=700"},"modified":"2025-10-16T08:40:24","modified_gmt":"2025-10-16T12:40:24","slug":"membres","status":"publish","type":"page","link":"https:\/\/bromelakegc.org\/fr\/membres\/","title":{"rendered":"Membres"},"content":{"rendered":"<div class=\"boldgrid-section\">\n<div class=\"container\">\n<div class=\"row\">\n<div class=\"col-md-12 col-xs-12 col-sm-12 col-lg-12\"><span style=\"color: #008000; font-family: georgia, palatino, serif; font-size: 30px;\">Privil\u00e8ges des Membres<\/span><\/div>\n<\/div>\n<\/div>\n<\/div>\n<div class=\"boldgrid-section\">\n<div class=\"container\">\n<div class=\"row\" style=\"padding-top: 0px; padding-bottom: 0px;\"><\/div>\n<\/div>\n<\/div>\n<div class=\"boldgrid-section\">\n<div class=\"container\">\n<div class=\"row gridblock\">\n<div class=\"col-md-12 col-xs-12 col-sm-12 col-lg-12\">\n<p class=\"\"><img data-recalc-dims=\"1\" loading=\"lazy\" decoding=\"async\" class=\"alignnone wp-image-2320 size-full\" src=\"https:\/\/i0.wp.com\/bromelakegc.org\/wp-content\/uploads\/2023\/03\/joshua-j-cotten-cGADc2XSno0-unsplash-1-scaled.jpg?resize=2560%2C1431&#038;ssl=1\" alt=\"\" width=\"2560\" height=\"1431\" srcset=\"https:\/\/i0.wp.com\/bromelakegc.org\/wp-content\/uploads\/2023\/03\/joshua-j-cotten-cGADc2XSno0-unsplash-1-scaled.jpg?w=2560&amp;ssl=1 2560w, https:\/\/i0.wp.com\/bromelakegc.org\/wp-content\/uploads\/2023\/03\/joshua-j-cotten-cGADc2XSno0-unsplash-1-scaled.jpg?resize=300%2C168&amp;ssl=1 300w, https:\/\/i0.wp.com\/bromelakegc.org\/wp-content\/uploads\/2023\/03\/joshua-j-cotten-cGADc2XSno0-unsplash-1-scaled.jpg?resize=1024%2C572&amp;ssl=1 1024w, https:\/\/i0.wp.com\/bromelakegc.org\/wp-content\/uploads\/2023\/03\/joshua-j-cotten-cGADc2XSno0-unsplash-1-scaled.jpg?resize=768%2C429&amp;ssl=1 768w, https:\/\/i0.wp.com\/bromelakegc.org\/wp-content\/uploads\/2023\/03\/joshua-j-cotten-cGADc2XSno0-unsplash-1-scaled.jpg?resize=1536%2C858&amp;ssl=1 1536w, https:\/\/i0.wp.com\/bromelakegc.org\/wp-content\/uploads\/2023\/03\/joshua-j-cotten-cGADc2XSno0-unsplash-1-scaled.jpg?resize=2048%2C1145&amp;ssl=1 2048w, https:\/\/i0.wp.com\/bromelakegc.org\/wp-content\/uploads\/2023\/03\/joshua-j-cotten-cGADc2XSno0-unsplash-1-scaled.jpg?resize=250%2C140&amp;ssl=1 250w, https:\/\/i0.wp.com\/bromelakegc.org\/wp-content\/uploads\/2023\/03\/joshua-j-cotten-cGADc2XSno0-unsplash-1-scaled.jpg?resize=550%2C307&amp;ssl=1 550w, https:\/\/i0.wp.com\/bromelakegc.org\/wp-content\/uploads\/2023\/03\/joshua-j-cotten-cGADc2XSno0-unsplash-1-scaled.jpg?resize=800%2C447&amp;ssl=1 800w, https:\/\/i0.wp.com\/bromelakegc.org\/wp-content\/uploads\/2023\/03\/joshua-j-cotten-cGADc2XSno0-unsplash-1-scaled.jpg?resize=322%2C180&amp;ssl=1 322w, https:\/\/i0.wp.com\/bromelakegc.org\/wp-content\/uploads\/2023\/03\/joshua-j-cotten-cGADc2XSno0-unsplash-1-scaled.jpg?resize=537%2C300&amp;ssl=1 537w, https:\/\/i0.wp.com\/bromelakegc.org\/wp-content\/uploads\/2023\/03\/joshua-j-cotten-cGADc2XSno0-unsplash-1-scaled.jpg?resize=895%2C500&amp;ssl=1 895w\" sizes=\"auto, (max-width: 1000px) 100vw, 1000px\" \/><\/p>\n<div class=\"row\"><\/div>\n<div class=\"row\">\n<div class=\"col-md-12 col-xs-12 col-sm-12 col-lg-12\"><span style=\"color: #333333; font-family: georgia, palatino, serif; font-size: 26px;\">On s\u2019amuse d\u2019avantage en groupe.<\/span><\/div>\n<\/div>\n<div class=\"row bg-editor-hr-wrap\">\n<div class=\"col-md-12 col-xs-12 col-sm-12 col-lg-12\">\n<hr>\n<\/div>\n<\/div>\n<p class=\"\"><span style=\"font-family: georgia, palatino, serif; font-size: 22px;\">Devenez membre et b\u00e9n\u00e9ficiez de :<\/span><\/p>\n<ul class=\"\">\n<li><span style=\"color: #333333; font-size: 15px;\">Rabais chez nos partenaires p\u00e9pini\u00e9ristes dans les Cantons de L\u2019Est<\/span><\/li>\n<li><span style=\"color: #333333; font-size: 15px;\">L\u2019acc\u00e8s aux plus beaux jardins priv\u00e9s lors des visites estivales de jardins<\/span><\/li>\n<li><span style=\"color: #333333; font-size: 15px;\">Conf\u00e9rences par des horticulteurs et des \u00e9cologistes r\u00e9put\u00e9s<\/span><\/li>\n<li><span style=\"color: #333333; font-family: helvetica, arial, sans-serif; font-size: 15px;\">La participation \u00e0 des projets communautaires comme le jardinage civique et les jardins communautaires<\/span><\/li>\n<li><span style=\"color: #333333; font-size: 15px;\">Excursions et \u00e9v\u00e9nements sp\u00e9ciaux comme par exemple dans le plus beaux jardins botaniques du Qu\u00e9bec<\/span><\/li>\n<li><span style=\"color: #333333; font-size: 15px;\">Conseils de nos membres dont l\u2019expertise en jardinage s\u2019\u00e9tend sur 40 ans !<\/span><\/li>\n<li><span style=\"color: #333333; font-size: 15px;\">Rapports avec des gens qui partagent votre passion et qui peuvent \u00e9largir vos connaissances en jardinage<\/span><\/li>\n<li><span style=\"color: #333333; font-size: 15px;\">Invitations \u00e0 des \u00e9v\u00e9nements organis\u00e9s par des amis membres<\/span><\/li>\n<\/ul>\n<h4 class=\"\">&nbsp;<\/h4>\n<h4 class=\"\"><span style=\"color: #333333; font-family: georgia, palatino, serif; font-size: 22px;\">Les Statuts<\/span><\/h4>\n<p><span style=\"color: #333333; font-size: 15px;\">Les statuts sont disponible en t\u00e9l\u00e9chargement:&nbsp;&nbsp;<a href=\"https:\/\/bromelakegc.org\/wp-content\/uploads\/2020\/09\/BLGC_Bylaws_Fr.pdf\">BLGC_Bylaws_Fr<\/a><\/span><\/p>\n<\/div>\n<div class=\"col-md-12 col-xs-12 col-sm-12 col-lg-12\">\n<h4 class=\"\">&nbsp;<\/h4>\n<h4 class=\"\"><span style=\"color: #333333; font-family: georgia, palatino, serif; font-size: 22px;\">Types d\u2019Adh\u00e9sion<\/span><\/h4>\n<ul class=\"\">\n<li><span style=\"color: #333333; font-size: 15px;\">Individuel 40$ \/ annuel<\/span><\/li>\n<\/ul>\n<p class=\"\"><span style=\"font-family: helvetica, arial, sans-serif; font-size: 15px;\">Adh\u00e9sions \u00e0 partir du 1er septembre \u2013 31 ao\u00fbt chaque ann\u00e9e.<\/span><\/p>\n<h4 class=\"\">&nbsp;<\/h4>\n<h4 class=\"\"><span style=\"color: #333333; font-family: georgia, palatino, serif; font-size: 22px;\">Pour devenir membre ou renouveler votre adh\u00e9sion<\/span><\/h4>\n<ul class=\"\">\n<li><span style=\"color: #333333; font-family: helvetica, arial, sans-serif; font-size: 15px;\">Renvoyez le <a href=\"https:\/\/bromelakegc.org\/wp-content\/uploads\/2025\/10\/Garden-Club-Membership-Form-bilingual-2025.pdf\" target=\"_blank\" rel=\"noopener\">formulaire d&rsquo;adh\u00e9sion<\/a> avec un cheque au Club de Jardinage de Lac-Brome, C.P.&nbsp;3786, Knowlton, QC J0E 1V0<\/span><\/li>\n<li>Ou virement \u00e9lectronique \u00e0 : admin@bromelakegc.org,<\/li>\n<li><span style=\"font-size: 15px;\"><span style=\"color: #333333;\">Pour des infos, contactez nous par <a href=\"https:\/\/bromelakegc.org\/fr\/nous-contacter\/\" target=\"_blank\" rel=\"noopener\">courriel<\/a>.<\/span><\/span><\/li>\n<\/ul>\n<\/div>\n<\/div>\n<\/div>\n<\/div>\n<div class=\"boldgrid-section\">\n<div class=\"container\">\n<div class=\"row\"><\/div>\n<\/div>\n<\/div>\n<div class=\"boldgrid-section\">\n<div class=\"container\">\n<div class=\"row background-secondary\" style=\"padding-bottom: 44px;\">\n<div class=\"col-md-12 col-xs-12 col-sm-6 col-lg-12\">\n<p class=\"\"><span style=\"font-family: georgia, palatino, serif; font-size: 22px;\">Facebook<\/span><\/p>\n<div class=\"row bg-editor-hr-wrap\">\n<div class=\"col-md-12 col-xs-12 col-sm-12 col-lg-12\">\n<div>\n<hr>\n<\/div>\n<\/div>\n<\/div>\n<p><span style=\"font-family: helvetica, arial, sans-serif; font-size: 15px;\">Vous pouvez vous joindre au &nbsp;notre groupe Facebook. \u00c9changez des trucs de jardinage et des conseils; partagez des articles int\u00e9ressants, des \u00e9v\u00e9nements et bien s\u00fbr, les magnifiques photos de vos jardins !<\/span><\/p>\n<p><a href=\"https:\/\/www.facebook.com\/groups\/bromelakegc\/\" target=\"_blank\" rel=\"noopener\"><span style=\"font-family: helvetica, arial, sans-serif; font-size: 15px;\"><img data-recalc-dims=\"1\" loading=\"lazy\" decoding=\"async\" class=\"wp-image-806 alignleft\" src=\"https:\/\/i0.wp.com\/bromelakegc.org\/wp-content\/uploads\/2016\/02\/Facebook_logo.png?resize=60%2C60&#038;ssl=1\" alt=\"Facebook_logo\" width=\"60\" height=\"60\" srcset=\"https:\/\/i0.wp.com\/bromelakegc.org\/wp-content\/uploads\/2016\/02\/Facebook_logo.png?resize=300%2C300&amp;ssl=1 300w, https:\/\/i0.wp.com\/bromelakegc.org\/wp-content\/uploads\/2016\/02\/Facebook_logo.png?resize=150%2C150&amp;ssl=1 150w, https:\/\/i0.wp.com\/bromelakegc.org\/wp-content\/uploads\/2016\/02\/Facebook_logo.png?w=618&amp;ssl=1 618w\" sizes=\"auto, (max-width: 60px) 100vw, 60px\" \/><\/span><\/a><\/p>\n<p class=\"mod-reset\">&nbsp;<\/p>\n<\/div>\n<\/div>\n<\/div>\n<\/div>\n","protected":false},"excerpt":{"rendered":"<p>Privil\u00e8ges des Membres On s\u2019amuse d\u2019avantage en groupe. Devenez membre et b\u00e9n\u00e9ficiez de : Rabais chez nos partenaires p\u00e9pini\u00e9ristes dans les Cantons de L\u2019Est L\u2019acc\u00e8s aux plus beaux jardins priv\u00e9s lors des visites estivales de jardins Conf\u00e9rences par des horticulteurs et des \u00e9cologistes r\u00e9put\u00e9s La participation \u00e0 des projets communautaires comme le jardinage civique et [&hellip;]<\/p>\n","protected":false},"author":2,"featured_media":0,"parent":0,"menu_order":0,"comment_status":"closed","ping_status":"closed","template":"","meta":{"footnotes":""},"class_list":["post-1124","page","type-page","status-publish"],"jetpack_shortlink":"https:\/\/wp.me\/P8IosC-i8","jetpack_sharing_enabled":true,"_links":{"self":[{"href":"https:\/\/bromelakegc.org\/fr\/wp-json\/wp\/v2\/pages\/1124","targetHints":{"allow":["GET"]}}],"collection":[{"href":"https:\/\/bromelakegc.org\/fr\/wp-json\/wp\/v2\/pages"}],"about":[{"href":"https:\/\/bromelakegc.org\/fr\/wp-json\/wp\/v2\/types\/page"}],"author":[{"embeddable":true,"href":"https:\/\/bromelakegc.org\/fr\/wp-json\/wp\/v2\/users\/2"}],"replies":[{"embeddable":true,"href":"https:\/\/bromelakegc.org\/fr\/wp-json\/wp\/v2\/comments?post=1124"}],"version-history":[{"count":62,"href":"https:\/\/bromelakegc.org\/fr\/wp-json\/wp\/v2\/pages\/1124\/revisions"}],"predecessor-version":[{"id":39808,"href":"https:\/\/bromelakegc.org\/fr\/wp-json\/wp\/v2\/pages\/1124\/revisions\/39808"}],"wp:attachment":[{"href":"https:\/\/bromelakegc.org\/fr\/wp-json\/wp\/v2\/media?parent=1124"}],"curies":[{"name":"wp","href":"https:\/\/api.w.org\/{rel}","templated":true}]}}