{"id":1175,"date":"2022-06-16T12:00:38","date_gmt":"2022-06-16T16:00:38","guid":{"rendered":"http:\/\/bromelakegc.org\/reviews-staging\/"},"modified":"2023-03-08T17:22:44","modified_gmt":"2023-03-08T22:22:44","slug":"liens-utiles","status":"publish","type":"page","link":"https:\/\/bromelakegc.org\/fr\/liens-utiles\/","title":{"rendered":"Liens Utiles"},"content":{"rendered":"<div class=\"boldgrid-section\">\n<div class=\"container\">\n<div class=\"row\">\n<div class=\"col-md-11 col-xs-12 col-sm-12 col-lg-11\">\n<p class=\"mod-reset\"><span style=\"color: #008000; font-family: georgia, palatino, serif; font-size: 30px;\">Liens Utiles<\/span><\/p>\n<p class=\"mod-reset\">&nbsp;<\/p>\n<p class=\"\"><img data-recalc-dims=\"1\" loading=\"lazy\" decoding=\"async\" class=\"alignnone wp-image-2305 size-full\" src=\"https:\/\/i0.wp.com\/bromelakegc.org\/wp-content\/uploads\/2023\/03\/christopher-paul-high-qx29i8-vFrA-unsplash-scaled-e1678138208375.jpg?resize=2560%2C1709&#038;ssl=1\" alt=\"\" width=\"2560\" height=\"1709\"><\/p>\n<p>&nbsp;<\/p>\n<p><span style=\"font-family: georgia, palatino, serif; font-size: 22px;\">Pourquoi Jardiner?<\/span><\/p>\n<div class=\"row bg-editor-hr-wrap\">\n<div class=\"col-md-12 col-xs-12 col-sm-12 col-lg-12\">\n<hr>\n<\/div>\n<\/div>\n<p class=\"\"><span style=\"font-size: 15px;\"><span style=\"font-family: helvetica, arial, sans-serif;\"><strong><em><span style=\"font-family: georgia, palatino, serif;\">Jardiner est bon pour la sant\u00e9.<\/span> <\/em><\/strong>Cela br\u00fble les calories et r\u00e9duit les risques d&rsquo;accident vasculaire, de maladie cardiaque et autres. Deux arbres matures peuvent produire assez d&rsquo;oxyg\u00e8ne pour une famille de quatre. Les plantes d&rsquo;int\u00e9rieur sont des filtres atmosph\u00e9riques qui am\u00e9liorent la qualit\u00e9 de l&rsquo;air.<br \/>\n<\/span><\/span><\/p>\n<p class=\"\"><span style=\"font-family: helvetica, arial, sans-serif; font-size: 15px;\"><strong><em><span style=\"font-family: georgia, palatino, serif;\">Jardiner est bon pour l&rsquo;environnement.&nbsp;<\/span><\/em><\/strong>Cela purifie l&rsquo;air et r\u00e9duit le dioxyde de carbone&nbsp;<\/span><span style=\"font-family: helvetica, arial, sans-serif; font-size: 15px;\">car les plantes supportent les animaux et la biodiversit\u00e9 en fournissant de la nourriture et des abris pour les oiseaux, les insectes, les reptiles et les mammiph\u00e8res.<\/span><\/p>\n<p class=\"\"><span style=\"font-size: 15px;\"><strong><em><span style=\"font-family: georgia, palatino, serif;\">Jardiner est bon pour&nbsp;votre budget.&nbsp;<\/span><\/em><\/strong><\/span><span style=\"font-family: helvetica, arial, sans-serif; font-size: 15px;\">Strat\u00e9giquement, planter des arbres, des arbustes et des plantes grimpantes autour de votre maison peut r\u00e9duire vos comptes de climatisation et de chauffage jusqu&rsquo;\u00e0 50%.<\/span><\/p>\n<p class=\"\"><span style=\"font-size: 15px;\"><strong><em><span style=\"font-family: georgia, palatino, serif;\">Jardiner est bon pour&nbsp;vos investissements.&nbsp;<\/span><\/em><\/strong><span style=\"font-family: helvetica, arial, sans-serif;\">U<\/span><\/span><span style=\"font-family: helvetica, arial, sans-serif;\">ne propri\u00e9t\u00e9 bien am\u00e9nag\u00e9e peut en augmenter sa valeur de 20%.<\/span><\/p>\n<p><span style=\"font-family: helvetica, arial, sans-serif; font-size: 15px;\"><em><strong><span style=\"font-family: georgia, palatino, serif;\"><strong><em><span style=\"font-family: georgia, palatino, serif;\">Jardiner est bon pour l<\/span><\/em><\/strong>&lsquo;\u00e2me.<\/span> <\/strong><\/em>Cela r\u00e9duit le stress et am\u00e9liore votre humeur. Rien dans la vie ne bat la vue d&rsquo;une fleur en \u00e9closion ou le go\u00fbt de la premi\u00e8re tomate m\u00fbre fra\u00eechement cueillie.<\/span><\/p>\n<p class=\"\"><span style=\"font-family: helvetica, arial, sans-serif; font-size: 15px;\">Que vous soyez un jardinier exp\u00e9riment\u00e9 ou d\u00e9butant, voici quelques liens utiles.&nbsp;(Majorit\u00e9 en anglais pour l&rsquo;instant, les liens fran\u00e7ais \u00e0 suivre).<\/span><\/p>\n<\/div>\n<\/div>\n<\/div>\n<\/div>\n<div class=\"boldgrid-section\">\n<div class=\"container\">\n<div class=\"row\">\n<div class=\"col-md-12 col-xs-12 col-sm-12 col-lg-12\">\n<h2 class=\"\"><span style=\"font-family: georgia, palatino, serif; font-size: 22px;\">Ressources&nbsp;G\u00e9n\u00e9rale&nbsp;en Jardinage<\/span><\/h2>\n<ul class=\"\">\n<li><span style=\"color: #333333; font-family: helvetica, arial, sans-serif; font-size: 15px;\"><a href=\"https:\/\/espacepourlavie.ca\/carnet-horticole-et-botanique\" target=\"_blank\" rel=\"noopener\">Jardin Botanique de&nbsp;Montr\u00e9al &#8211; Carnet Horticulture et Botanique<\/a><\/span><\/li>\n<li><span style=\"color: #333333; font-family: helvetica, arial, sans-serif; font-size: 15px;\"><a href=\"https:\/\/plantipedia.com\/index.php?option=com_content&amp;view=article&amp;id=45&amp;Itemid=541\" target=\"_blank\" rel=\"noopener\">Plantipedia\u2014Resources Page<\/a><\/span><\/li>\n<li><span style=\"color: #333333; font-family: helvetica, arial, sans-serif; font-size: 15px;\"><a href=\"http:\/\/www.missouribotanicalgarden.org\/plantfinder\/plantfindersearch.aspx\" target=\"_blank\" rel=\"noopener\">Missouri Botanical Garden\u2014Plant Finder<\/a><\/span><\/li>\n<li><span style=\"color: #333333; font-family: helvetica, arial, sans-serif; font-size: 15px;\"><a href=\"http:\/\/www.perennials.com\/\" target=\"_blank\" rel=\"noopener\">Perennials.com<\/a><\/span><\/li>\n<li><span style=\"color: #333333; font-family: helvetica, arial, sans-serif; font-size: 15px;\"><a href=\"http:\/\/www.finegardening.com\/\" target=\"_blank\" rel=\"noopener\">Fine Gardening<\/a><\/span><\/li>\n<li><span style=\"color: #333333; font-family: helvetica, arial, sans-serif; font-size: 15px;\"><a href=\"https:\/\/www.facebook.com\/groups\/2375221722\/\" target=\"_blank\" rel=\"noopener\">Canadian Gardeners Facebook Group<\/a><\/span><\/li>\n<\/ul>\n<\/div>\n<\/div>\n<\/div>\n<\/div>\n<div class=\"boldgrid-section\">\n<div class=\"container\">\n<div class=\"row\">\n<div class=\"col-md-12 col-xs-12 col-sm-12 col-lg-12\">\n<h2 class=\"\"><span style=\"font-family: georgia, palatino, serif; font-size: 22px;\">Identification des Plantes et Probl\u00e8mes<\/span><\/h2>\n<ul class=\"\">\n<li><span style=\"color: #333333; font-size: 16px;\"><a href=\"https:\/\/plantipedia.com\" target=\"_blank\" rel=\"noopener noreferrer\"><span style=\"font-size: 15px;\">Plantipedia&nbsp;<\/span><\/a><\/span><\/li>\n<li><span style=\"color: #333333; font-size: 15px;\"><span style=\"line-height: 25.39px;\"><a href=\"https:\/\/www.facebook.com\/groups\/plant.identificaton\/\" target=\"_blank\" rel=\"noopener noreferrer\">Plant Identification Facebook Group<\/a><\/span><\/span><\/li>\n<li><span style=\"color: #333333; font-size: 15px;\"><span style=\"line-height: 25.39px;\"><a href=\"https:\/\/www.facebook.com\/groups\/754578791256738\/\" target=\"_blank\" rel=\"noopener noreferrer\">What&rsquo;s Wrong with My Plant Facebook Group<\/a><\/span><\/span><\/li>\n<\/ul>\n<\/div>\n<\/div>\n<\/div>\n<\/div>\n<div class=\"boldgrid-section\">\n<div class=\"container\">\n<div class=\"row\">\n<div class=\"col-md-12 col-xs-12 col-sm-12 col-lg-12\">\n<h2 class=\"\"><span style=\"font-family: georgia, palatino, serif; font-size: 22px;\">Jardins Botanique du&nbsp;Qu\u00e9bec<\/span><\/h2>\n<ul class=\"\">\n<li><span style=\"color: #333333; font-family: helvetica, arial, sans-serif; font-size: 15px;\"><a href=\"http:\/\/espacepourlavie.ca\/en\/botanical-garden\" target=\"_blank\" rel=\"noopener noreferrer\">Jardin Botanique de&nbsp;Montr\u00e9al<\/a><\/span><\/li>\n<li><span style=\"color: #333333; font-family: helvetica, arial, sans-serif; font-size: 15px;\"><a href=\"https:\/\/www.chateauramezay.qc.ca\/fr\/expositions\/jardin\/\" target=\"_blank\" rel=\"noopener noreferrer\">Jardin du Gouverneur, Le Ch\u00e2teau Ramezay<\/a>, Montr\u00e9al&nbsp;<\/span><\/li>\n<li><span style=\"color: #333333; font-family: helvetica, arial, sans-serif; font-size: 15px;\"><a href=\"http:\/\/www.jardin.ulaval.ca\/\" target=\"_blank\" rel=\"noopener\">Jardin Botanique Roger-Van den Hende<\/a>,&nbsp;University of Laval, Montr\u00e9al<\/span><\/li>\n<li><span style=\"color: #333333; font-family: helvetica, arial, sans-serif; font-size: 15px;\"><a href=\"http:\/\/www.parcmarievictorin.com\/\" target=\"_blank\" rel=\"noopener\">Parc Marie-Victorin<\/a>, Kingsey Falls<\/span><\/li>\n<li><span style=\"color: #333333; font-family: helvetica, arial, sans-serif; font-size: 15px;\"><a href=\"http:\/\/cepas.qc.ca\/jardins-de-quatre-vents\/\" target=\"_blank\" rel=\"noopener\">Les Jardins de Quatre-Vents<\/a>, La Malbaie<\/span><\/li>\n<li><span style=\"color: #333333; line-height: 1.4285; font-family: helvetica, arial, sans-serif; font-size: 15px;\"><a href=\"https:\/\/jardinsdemetis.com\/\" target=\"_blank\" rel=\"noopener\">Les Jardins de M\u00e9tis<\/a>,&nbsp;Grand-M\u00e9tis<\/span><\/li>\n<li><a href=\"https:\/\/us9.campaign-archive.com\/?e=bfa3f41e4c&amp;u=8f9666165c0cf6717d220d3dd&amp;id=532b67e122\" target=\"_blank\" rel=\"noopener\">Pat Webster Blog (en Anglais)<\/a><\/li>\n<\/ul>\n<\/div>\n<\/div>\n<\/div>\n<\/div>\n<div class=\"boldgrid-section\">\n<div class=\"container\">\n<div class=\"row\">\n<div class=\"col-md-12 col-xs-12 col-sm-12 col-lg-12\">\n<h2 class=\"\"><span style=\"font-family: georgia, palatino, serif; font-size: 22px;\">Jardins Comestible<\/span><\/h2>\n<ul class=\"\">\n<li><span style=\"color: #333333; font-family: helvetica, arial, sans-serif; font-size: 15px;\"><a href=\"http:\/\/gardeningwithcharlie.com\/edibles\/\" target=\"_blank\" rel=\"noopener noreferrer\">Gardening with Charlie<\/a> (Charles Nardozzi)<\/span><\/li>\n<li><span style=\"color: #333333; font-family: helvetica, arial, sans-serif; font-size: 15px;\"><span style=\"line-height: 25.39px;\"><a href=\"http:\/\/www.pfaf.org\/user\/default.aspx\" target=\"_blank\" rel=\"noopener noreferrer\">Plants For A Future<\/a><\/span><\/span><\/li>\n<li><span style=\"color: #333333; font-family: helvetica, arial, sans-serif; font-size: 15px;\"><a href=\"http:\/\/www.missouribotanicalgarden.org\/gardens-gardening\/your-garden\/help-for-the-home-gardener\/edible-gardening.aspx\" target=\"_blank\" rel=\"noopener noreferrer\">Missouri Botanical Garden\u2014Edible Gardening<\/a><\/span><\/li>\n<\/ul>\n<\/div>\n<\/div>\n<\/div>\n<\/div>\n<div class=\"boldgrid-section\">\n<div class=\"container\">\n<div class=\"row\">\n<div class=\"col-md-12 col-xs-12 col-sm-12 col-lg-12\">\n<h2 class=\"\"><span style=\"font-family: georgia, palatino, serif; font-size: 22px;\">Jardin Biologique<\/span><\/h2>\n<ul class=\"\">\n<li><span style=\"color: #333333; font-family: helvetica, arial, sans-serif; font-size: 15px;\"><a href=\"http:\/\/www.missouribotanicalgarden.org\/gardens-gardening\/your-garden\/help-for-the-home-gardener\/sustainable-gardening.aspx\" target=\"_blank\" rel=\"noopener\">Missouri Botanical Garden\u2014Sustainable Gardening<\/a><\/span><\/li>\n<li><span style=\"color: #333333; font-family: helvetica, arial, sans-serif; font-size: 15px;\"><a href=\"https:\/\/www.goodhousekeeping.com\/home\/gardening\/a20705688\/organic-fertilizer\/\" target=\"_blank\" rel=\"noopener\">Everything You Need To Know About Organic Fertilizer<\/a> (article)<\/span><\/li>\n<li><span style=\"color: #333333; font-family: helvetica, arial, sans-serif; font-size: 15px;\"><a href=\"https:\/\/www.goodhousekeeping.com\/health\/diet-nutrition\/a20706601\/how-much-toxic-roundup-are-you-eating\/\" target=\"_blank\" rel=\"noopener\">How Much Toxic Roundup Are You Eating?<\/a> (article)<\/span><\/li>\n<\/ul>\n<\/div>\n<\/div>\n<\/div>\n<\/div>\n<div class=\"boldgrid-section\">\n<div class=\"container\">\n<div class=\"row\">\n<div class=\"col-md-12 col-xs-12 col-sm-12 col-lg-12\">\n<h2 class=\"\"><span style=\"font-family: georgia, palatino, serif; font-size: 22px;\">La Faune, La Flore et L&rsquo;Environnement<\/span><\/h2>\n<ul class=\"\">\n<li><span style=\"color: #333333; font-family: helvetica, arial, sans-serif; font-size: 15px;\"><a href=\"https:\/\/www.canadianliving.com\/home-and-garden\/gardening\/article\/attract-birds-and-butterflies-to-your-garden\" target=\"_blank\" rel=\"noopener\">Attract birds and butterflies to your garden<\/a> (article)<\/span><\/li>\n<li><span style=\"color: #333333; font-family: helvetica, arial, sans-serif; font-size: 15px;\"><a href=\"https:\/\/www.littletreegardenmarket.ca\/news\/71\/6-ways-to-attract-wildlife-to-your-garden\" target=\"_blank\" rel=\"noopener\">6 ways to attract wildlife to your garden<\/a> (article)<\/span><\/li>\n<li><span style=\"color: #333333; font-family: helvetica, arial, sans-serif; font-size: 15px;\"><a href=\"https:\/\/landscapeontario.com\/inviting-birds-to-your-garden\" target=\"_blank\" rel=\"noopener\">Inviting birds to your garden<\/a> (article)<\/span><\/li>\n<li><span style=\"color: #333333; font-family: helvetica, arial, sans-serif; font-size: 15px;\"><a href=\"http:\/\/www.hummingbirds.net\/index.html\" target=\"_blank\" rel=\"noopener\">Hummingbirds.net<\/a><\/span><\/li>\n<li><span style=\"color: #333333; font-family: helvetica, arial, sans-serif; font-size: 15px;\"><a href=\"http:\/\/www.butterfliesandmoths.org\/\" target=\"_blank\" rel=\"noopener\">Butterflies and Moths of North America<\/a><\/span><\/li>\n<li><span style=\"color: #333333; font-family: helvetica, arial, sans-serif; font-size: 15px;\"><a href=\"http:\/\/www.saveourmonarchs.org\/\" target=\"_blank\" rel=\"noopener\">Save Our Monarchs Foundation<\/a><\/span><\/li>\n<li><span style=\"color: #333333; font-family: helvetica, arial, sans-serif; font-size: 15px;\"><a href=\"https:\/\/davidsuzuki.org\/story\/milkweed-is-a-monarchs-best-defence\/\" target=\"_blank\" rel=\"noopener\">David Suzuki: Milkweed and Monarchs<\/a><\/span><\/li>\n<li><span style=\"color: #333333; font-family: helvetica, arial, sans-serif; font-size: 15px;\"><a href=\"http:\/\/pollinationcanada.ca\/pollination\" target=\"_blank\" rel=\"noopener\">Pollination Canada<\/a>&nbsp;\u2014Increase the presence of pollination insects in your garden and why our food sources depend on them<\/span><\/li>\n<li><span style=\"color: #333333; font-family: helvetica, arial, sans-serif; font-size: 15px;\"><a href=\"http:\/\/northcoastgardening.com\/2010\/05\/honeybee-safe-pesticides\/\" target=\"_blank\" rel=\"noopener\">Keeping Honeybees Safe While Using Pesticides<\/a> (article)<\/span><\/li>\n<li><span style=\"color: #333333; font-family: helvetica, arial, sans-serif; font-size: 15px;\"><a href=\"http:\/\/www.cwf-fcf.org\/\" target=\"_blank\" rel=\"noopener\">Canadian Wildlife Federation<\/a><\/span><\/li>\n<li><span style=\"color: #333333; font-family: helvetica, arial, sans-serif; font-size: 15px;\"><a href=\"http:\/\/www.natureconservancy.ca\/en\/\" target=\"_blank\" rel=\"noopener\">Nature Conservancy of Canada<\/a><\/span><\/li>\n<li><span style=\"color: #333333; font-family: helvetica, arial, sans-serif; font-size: 15px;\"><a href=\"https:\/\/arbrescanada.ca\" target=\"_blank\" rel=\"noopener\">Arbres Canada<\/a><\/span><\/li>\n<li><a href=\"https:\/\/fondationdelafaune.qc.ca\" target=\"_blank\" rel=\"noopener\">Fondation de la faune du Qu\u00e9bec<\/a><\/li>\n<\/ul>\n<\/div>\n<\/div>\n<\/div>\n<\/div>\n<div class=\"boldgrid-section\">\n<div class=\"container\">\n<div class=\"row\">\n<div class=\"col-md-12 col-xs-12 col-sm-12 col-lg-12\">\n<h2 class=\"\"><span style=\"font-family: georgia, palatino, serif; font-size: 22px;\">Plantes Indig\u00e8nes et Esp\u00e8ces Envahissantes<\/span><\/h2>\n<ul class=\"\">\n<li><span style=\"color: #333333; font-size: 15px;\"><a href=\"http:\/\/www.wildflower.org\/\" target=\"_blank\" rel=\"noopener\">Lady Bird Johnson Wildflower Center<\/a><\/span><\/li>\n<li><span style=\"color: #333333; font-size: 15px;\"><a href=\"https:\/\/cwf-fcf.org\/en\/resources\/encyclopedias\/native-plant-encyclopedia\/\" target=\"_blank\" rel=\"noopener\">Canadian Wildlife Federation\u2014Native Plant Encyclopedia<\/a><\/span><\/li>\n<li><span style=\"color: #333333; font-size: 15px;\"><a href=\"http:\/\/www.natureconservancy.ca\/en\/what-we-do\/resource-centre\/invasive-species\/\" target=\"_blank\" rel=\"noopener\">Nature Conservancy Canada\u2014Invasive Species<\/a><\/span><\/li>\n<li><a href=\"https:\/\/www.invasivespeciescentre.ca\/invasive-species\/meet-the-species\/invasive-plants\/\">Invasive &nbsp;Species Centre\u2014Invasive Plants<\/a><\/li>\n<\/ul>\n<\/div>\n<\/div>\n<\/div>\n<\/div>\n<div class=\"boldgrid-section\">\n<div class=\"container\">\n<div class=\"row\">\n<div class=\"col-md-12 col-xs-12 col-sm-12 col-lg-12\">\n<h2 class=\"\"><span style=\"color: #333333; font-family: georgia, palatino, serif; font-size: 22px;\">Fournisseurs<\/span><\/h2>\n<ul class=\"\">\n<li><span style=\"color: #333333; font-size: 16px;\"><a href=\"http:\/\/www.arboquebecium.com\/\" target=\"_blank\" rel=\"noopener noreferrer\"><span style=\"font-size: 15px;\">Arboquebecium&nbsp;<\/span><\/a><span style=\"font-size: 15px;\">\u2014P<span style=\"font-family: helvetica, arial, sans-serif;\">roducteur de plantes indig\u00e8nes<\/span>,&nbsp;Sainte-Catherine-de-Hatley<\/span><\/span><\/li>\n<li><span style=\"color: #333333; font-size: 15px;\"><a href=\"https:\/\/pepiniererustique.ca\" target=\"_blank\" rel=\"noopener\">P\u00e9pini\u00e8re Rustique<\/a>\u2014P<span style=\"font-family: helvetica, arial, sans-serif;\">roducteur de plantes indig\u00e8nes<\/span>,&nbsp;Saint-Adolphe-d&rsquo;Howard<\/span><\/li>\n<li><span style=\"color: #333333; font-size: 15px;\"><a href=\"https:\/\/www.aiglonindigo.com\" target=\"_blank\" rel=\"noopener noreferrer\">Aiglon indigo<\/a>\u2014Sp\u00e9cialistes<span style=\"font-family: helvetica, arial, sans-serif;\">&nbsp;de plantes indig\u00e8nes du Qu\u00e9bec<\/span><\/span><\/li>\n<li><span style=\"color: #333333; font-size: 15px;\"><a href=\"http:\/\/www.brothernature.ca\/\" target=\"_blank\" rel=\"noopener noreferrer\">Brother Nature<\/a>\u2014Producteur de semences biologiques, British Columbia<\/span><\/li>\n<li><span style=\"color: #333333; font-size: 15px;\"><a href=\"http:\/\/www.wildflowerfarm.com\/\" target=\"_blank\" rel=\"noopener noreferrer\">Wildflower Farm<\/a>\u2014Semences biologiques de fleurs sauvages et gramin\u00e9es indig\u00e8nes, Ontario<\/span><\/li>\n<li><span style=\"font-family: helvetica, arial, sans-serif; font-size: 15px;\"><a href=\"http:\/\/www.abbondanzafarm.com\/\" target=\"_blank\" rel=\"noopener noreferrer\">Abbondanza Farm<\/a><span style=\"color: #333333;\">\u2014Producteur et \u00e9ducateur de plantes patrimoniales et semis<\/span><\/span><\/li>\n<\/ul>\n<\/div>\n<\/div>\n<\/div>\n<\/div>\n","protected":false},"excerpt":{"rendered":"<p>Liens Utiles &nbsp; &nbsp; Pourquoi Jardiner? Jardiner est bon pour la sant\u00e9. Cela br\u00fble les calories et r\u00e9duit les risques d&rsquo;accident vasculaire, de maladie cardiaque et autres. Deux arbres matures peuvent produire assez d&rsquo;oxyg\u00e8ne pour une famille de quatre. Les plantes d&rsquo;int\u00e9rieur sont des filtres atmosph\u00e9riques qui am\u00e9liorent la qualit\u00e9 de l&rsquo;air. Jardiner est bon [&hellip;]<\/p>\n","protected":false},"author":2,"featured_media":0,"parent":0,"menu_order":0,"comment_status":"closed","ping_status":"closed","template":"","meta":{"footnotes":""},"class_list":["post-1175","page","type-page","status-publish"],"jetpack_shortlink":"https:\/\/wp.me\/P8IosC-iX","jetpack_sharing_enabled":true,"_links":{"self":[{"href":"https:\/\/bromelakegc.org\/fr\/wp-json\/wp\/v2\/pages\/1175","targetHints":{"allow":["GET"]}}],"collection":[{"href":"https:\/\/bromelakegc.org\/fr\/wp-json\/wp\/v2\/pages"}],"about":[{"href":"https:\/\/bromelakegc.org\/fr\/wp-json\/wp\/v2\/types\/page"}],"author":[{"embeddable":true,"href":"https:\/\/bromelakegc.org\/fr\/wp-json\/wp\/v2\/users\/2"}],"replies":[{"embeddable":true,"href":"https:\/\/bromelakegc.org\/fr\/wp-json\/wp\/v2\/comments?post=1175"}],"version-history":[{"count":33,"href":"https:\/\/bromelakegc.org\/fr\/wp-json\/wp\/v2\/pages\/1175\/revisions"}],"predecessor-version":[{"id":2480,"href":"https:\/\/bromelakegc.org\/fr\/wp-json\/wp\/v2\/pages\/1175\/revisions\/2480"}],"wp:attachment":[{"href":"https:\/\/bromelakegc.org\/fr\/wp-json\/wp\/v2\/media?parent=1175"}],"curies":[{"name":"wp","href":"https:\/\/api.w.org\/{rel}","templated":true}]}}