{"id":1231,"date":"2018-05-13T17:00:38","date_gmt":"2018-05-13T21:00:38","guid":{"rendered":"http:\/\/bromelakegc.org\/fr\/?page_id=1231"},"modified":"2026-01-23T20:10:11","modified_gmt":"2026-01-24T01:10:11","slug":"home","status":"publish","type":"page","link":"https:\/\/bromelakegc.org\/fr\/","title":{"rendered":"Home"},"content":{"rendered":"<div class=\"boldgrid-section\">\n<div class=\"container-fluid\">\n<div class=\"row\">\n<div class=\"col-md-12 col-xs-12 col-sm-12 col-lg-12\" style=\"text-align: center;\">\n<p class=\"mod-reset\"><img data-recalc-dims=\"1\" loading=\"lazy\" decoding=\"async\" class=\"alignnone wp-image-2417 size-full\" src=\"https:\/\/i0.wp.com\/bromelakegc.org\/wp-content\/uploads\/2023\/03\/Homepage-2-Summer-FR-1.jpeg?resize=1920%2C800&#038;ssl=1\" alt=\"\" width=\"1920\" height=\"800\" srcset=\"https:\/\/i0.wp.com\/bromelakegc.org\/wp-content\/uploads\/2023\/03\/Homepage-2-Summer-FR-1.jpeg?w=1920&amp;ssl=1 1920w, https:\/\/i0.wp.com\/bromelakegc.org\/wp-content\/uploads\/2023\/03\/Homepage-2-Summer-FR-1.jpeg?resize=300%2C125&amp;ssl=1 300w, https:\/\/i0.wp.com\/bromelakegc.org\/wp-content\/uploads\/2023\/03\/Homepage-2-Summer-FR-1.jpeg?resize=1024%2C427&amp;ssl=1 1024w, https:\/\/i0.wp.com\/bromelakegc.org\/wp-content\/uploads\/2023\/03\/Homepage-2-Summer-FR-1.jpeg?resize=768%2C320&amp;ssl=1 768w, https:\/\/i0.wp.com\/bromelakegc.org\/wp-content\/uploads\/2023\/03\/Homepage-2-Summer-FR-1.jpeg?resize=1536%2C640&amp;ssl=1 1536w, https:\/\/i0.wp.com\/bromelakegc.org\/wp-content\/uploads\/2023\/03\/Homepage-2-Summer-FR-1.jpeg?resize=250%2C104&amp;ssl=1 250w, https:\/\/i0.wp.com\/bromelakegc.org\/wp-content\/uploads\/2023\/03\/Homepage-2-Summer-FR-1.jpeg?resize=550%2C229&amp;ssl=1 550w, https:\/\/i0.wp.com\/bromelakegc.org\/wp-content\/uploads\/2023\/03\/Homepage-2-Summer-FR-1.jpeg?resize=800%2C333&amp;ssl=1 800w, https:\/\/i0.wp.com\/bromelakegc.org\/wp-content\/uploads\/2023\/03\/Homepage-2-Summer-FR-1.jpeg?resize=432%2C180&amp;ssl=1 432w, https:\/\/i0.wp.com\/bromelakegc.org\/wp-content\/uploads\/2023\/03\/Homepage-2-Summer-FR-1.jpeg?resize=720%2C300&amp;ssl=1 720w, https:\/\/i0.wp.com\/bromelakegc.org\/wp-content\/uploads\/2023\/03\/Homepage-2-Summer-FR-1.jpeg?resize=1200%2C500&amp;ssl=1 1200w\" sizes=\"auto, (max-width: 1000px) 100vw, 1000px\" \/><\/p>\n<\/div>\n<\/div>\n<\/div>\n<\/div>\n<div class=\"boldgrid-section\">\n<div class=\"container-fluid\">\n<div class=\"row\">\n<div class=\"col-lg-12 col-md-12 col-xs-12 col-sm-12\"><\/div>\n<\/div>\n<div class=\"row\">\n<div class=\"col-md-12 col-xs-12 col-sm-12 col-lg-12\">\n<p class=\"bg-font-family-alt\" style=\"text-align: center; border-width: 0px; font-style: normal; font-size: 6px;\" data-font-style=\"normal\"><span style=\"font-family: georgia, palatino, serif; font-size: 24px;\"><span style=\"color: #333333;\">Notre Mission<\/span><\/span><\/p>\n<div style=\"text-align: center;\"><span class=\"\" style=\"font-family: helvetica, arial, sans-serif; font-size: 18px;\">De promouvoir la connaissance et la passion pour le jardinage et l\u2019horticulture,<\/span><\/div>\n<div style=\"text-align: center;\"><span class=\"\" style=\"font-family: helvetica, arial, sans-serif; font-size: 18px;\">pour inspirer un plus grand respect de l&rsquo;environnement.<\/span><\/div>\n<\/div>\n<\/div>\n<\/div>\n<\/div>\n<div class=\"boldgrid-section\">\n<div class=\"container-fluid\">\n<div class=\"row\">\n<div class=\"col-md-12 col-xs-12 col-sm-12 col-lg-12\">\n<p class=\"\">&nbsp;<\/p>\n<p class=\"mod-reset\"><img data-recalc-dims=\"1\" loading=\"lazy\" decoding=\"async\" class=\"alignnone size-full wp-image-2354\" src=\"https:\/\/i0.wp.com\/bromelakegc.org\/wp-content\/uploads\/2023\/03\/Triple-Shot-1.png?resize=2468%2C546&#038;ssl=1\" alt=\"\" width=\"2468\" height=\"546\" srcset=\"https:\/\/i0.wp.com\/bromelakegc.org\/wp-content\/uploads\/2023\/03\/Triple-Shot-1.png?w=2468&amp;ssl=1 2468w, https:\/\/i0.wp.com\/bromelakegc.org\/wp-content\/uploads\/2023\/03\/Triple-Shot-1.png?resize=300%2C66&amp;ssl=1 300w, https:\/\/i0.wp.com\/bromelakegc.org\/wp-content\/uploads\/2023\/03\/Triple-Shot-1.png?resize=1024%2C227&amp;ssl=1 1024w, https:\/\/i0.wp.com\/bromelakegc.org\/wp-content\/uploads\/2023\/03\/Triple-Shot-1.png?resize=768%2C170&amp;ssl=1 768w, https:\/\/i0.wp.com\/bromelakegc.org\/wp-content\/uploads\/2023\/03\/Triple-Shot-1.png?resize=1536%2C340&amp;ssl=1 1536w, https:\/\/i0.wp.com\/bromelakegc.org\/wp-content\/uploads\/2023\/03\/Triple-Shot-1.png?resize=2048%2C453&amp;ssl=1 2048w, https:\/\/i0.wp.com\/bromelakegc.org\/wp-content\/uploads\/2023\/03\/Triple-Shot-1.png?resize=250%2C55&amp;ssl=1 250w, https:\/\/i0.wp.com\/bromelakegc.org\/wp-content\/uploads\/2023\/03\/Triple-Shot-1.png?resize=550%2C122&amp;ssl=1 550w, https:\/\/i0.wp.com\/bromelakegc.org\/wp-content\/uploads\/2023\/03\/Triple-Shot-1.png?resize=800%2C177&amp;ssl=1 800w, https:\/\/i0.wp.com\/bromelakegc.org\/wp-content\/uploads\/2023\/03\/Triple-Shot-1.png?resize=814%2C180&amp;ssl=1 814w, https:\/\/i0.wp.com\/bromelakegc.org\/wp-content\/uploads\/2023\/03\/Triple-Shot-1.png?resize=1356%2C300&amp;ssl=1 1356w\" sizes=\"auto, (max-width: 1000px) 100vw, 1000px\" \/><\/p>\n<div class=\"mod-alpha\"><\/div>\n<\/div>\n<\/div>\n<\/div>\n<\/div>\n<div class=\"color1-background-color color-1-text-contrast bg-background-color tmpl-about-12 boldgrid-section dynamic-gridblock\">\n<div class=\"container-fluid\">\n<div class=\"row\">\n<div class=\"col-md-1 col-sm-1 col-xs-12 col-lg-1\">\n<p class=\"\">&nbsp;<\/p>\n<\/div>\n<div class=\"col-md-6 col-xs-12 col-sm-6 col-lg-6\" style=\"padding: 3em 1em 0em 1em;\">\n<h2 class=\"bg-font-family-heading\" style=\"border-width: 0px; font-style: normal;\" data-font-style=\"normal\"><span style=\"font-family: georgia, palatino, serif; font-size: 24px;\"><span style=\"color: #333333;\">\u00c0 propos de nous<\/span><\/span><\/h2>\n<p class=\"\"><span style=\"color: #333333; font-family: helvetica, arial, sans-serif; font-size: 14px;\">Le Club de Jardinage de Lac-Brome est dans un pittoresque village des Cantons de l&rsquo;Est. Renomm\u00e9e pour son charme historique et son caract\u00e8re d\u00e9contract\u00e9, la ville de Lac-Brome compte un grand nombre de belles demeures et de magnifiques jardins. Bienvenue \u00e0 tous ceux qui partagent notre passion pour le jardinage et d\u00e9sirent am\u00e9liorer leurs comp\u00e9tences et leurs connaissances en horticulture.<\/span><\/p>\n<div class=\"row\" style=\"padding-top: 20px;\">\n<div class=\"col-md-4 col-sm-4 col-xs-4 col-lg-4\">\n<div class=\"bg-box-cover bg-box-flush bg-box\"><img data-recalc-dims=\"1\" loading=\"lazy\" decoding=\"async\" class=\"bg-img alignnone wp-image-2362 size-full\" src=\"https:\/\/i0.wp.com\/bromelakegc.org\/wp-content\/uploads\/2023\/03\/10.5_0_350_350_Reid_20160723_06-768x747.jpg?resize=350%2C350&#038;ssl=1\" alt=\"\" width=\"350\" height=\"350\" srcset=\"https:\/\/i0.wp.com\/bromelakegc.org\/wp-content\/uploads\/2023\/03\/Reid_20160723_06.jpg?w=350&amp;ssl=1 350w, https:\/\/i0.wp.com\/bromelakegc.org\/wp-content\/uploads\/2023\/03\/Reid_20160723_06.jpg?resize=150%2C150&amp;ssl=1 150w, https:\/\/i0.wp.com\/bromelakegc.org\/wp-content\/uploads\/2023\/03\/Reid_20160723_06.jpg?resize=48%2C48&amp;ssl=1 48w, https:\/\/i0.wp.com\/bromelakegc.org\/wp-content\/uploads\/2023\/03\/Reid_20160723_06.jpg?resize=300%2C300&amp;ssl=1 300w, https:\/\/i0.wp.com\/bromelakegc.org\/wp-content\/uploads\/2023\/03\/Reid_20160723_06.jpg?zoom=2&amp;resize=350%2C350&amp;ssl=1 700w\" sizes=\"auto, (max-width: 350px) 100vw, 350px\" \/><\/div>\n<\/div>\n<div class=\"col-md-4 col-sm-4 col-xs-4 col-lg-4\">\n<div class=\"bg-box-cover bg-box-flush bg-box\"><img data-recalc-dims=\"1\" loading=\"lazy\" decoding=\"async\" class=\"bg-img alignnone wp-image-2366 size-full\" src=\"https:\/\/i0.wp.com\/bromelakegc.org\/wp-content\/uploads\/2023\/03\/Reid_20160723_01.jpg?resize=900%2C900&#038;ssl=1\" alt=\"\" width=\"900\" height=\"900\" srcset=\"https:\/\/i0.wp.com\/bromelakegc.org\/wp-content\/uploads\/2023\/03\/Reid_20160723_01.jpg?w=900&amp;ssl=1 900w, https:\/\/i0.wp.com\/bromelakegc.org\/wp-content\/uploads\/2023\/03\/Reid_20160723_01.jpg?resize=300%2C300&amp;ssl=1 300w, https:\/\/i0.wp.com\/bromelakegc.org\/wp-content\/uploads\/2023\/03\/Reid_20160723_01.jpg?resize=150%2C150&amp;ssl=1 150w, https:\/\/i0.wp.com\/bromelakegc.org\/wp-content\/uploads\/2023\/03\/Reid_20160723_01.jpg?resize=768%2C768&amp;ssl=1 768w, https:\/\/i0.wp.com\/bromelakegc.org\/wp-content\/uploads\/2023\/03\/Reid_20160723_01.jpg?resize=48%2C48&amp;ssl=1 48w, https:\/\/i0.wp.com\/bromelakegc.org\/wp-content\/uploads\/2023\/03\/Reid_20160723_01.jpg?resize=250%2C250&amp;ssl=1 250w, https:\/\/i0.wp.com\/bromelakegc.org\/wp-content\/uploads\/2023\/03\/Reid_20160723_01.jpg?resize=550%2C550&amp;ssl=1 550w, https:\/\/i0.wp.com\/bromelakegc.org\/wp-content\/uploads\/2023\/03\/Reid_20160723_01.jpg?resize=800%2C800&amp;ssl=1 800w, https:\/\/i0.wp.com\/bromelakegc.org\/wp-content\/uploads\/2023\/03\/Reid_20160723_01.jpg?resize=180%2C180&amp;ssl=1 180w, https:\/\/i0.wp.com\/bromelakegc.org\/wp-content\/uploads\/2023\/03\/Reid_20160723_01.jpg?resize=500%2C500&amp;ssl=1 500w\" sizes=\"auto, (max-width: 900px) 100vw, 900px\" \/><\/div>\n<\/div>\n<div class=\"col-md-4 col-sm-4 col-xs-4 col-lg-4\">\n<div class=\"bg-box-cover bg-box-flush bg-box\"><img data-recalc-dims=\"1\" loading=\"lazy\" decoding=\"async\" class=\"bg-img alignnone wp-image-2364 size-full\" src=\"https:\/\/i0.wp.com\/bromelakegc.org\/wp-content\/uploads\/2023\/03\/0.5_0_350_350_Reid_20160723_13-768x767.jpg?resize=350%2C350&#038;ssl=1\" alt=\"\" width=\"350\" height=\"350\" srcset=\"https:\/\/i0.wp.com\/bromelakegc.org\/wp-content\/uploads\/2023\/03\/Reid_20160723_13.jpg?w=350&amp;ssl=1 350w, https:\/\/i0.wp.com\/bromelakegc.org\/wp-content\/uploads\/2023\/03\/Reid_20160723_13.jpg?resize=300%2C300&amp;ssl=1 300w, https:\/\/i0.wp.com\/bromelakegc.org\/wp-content\/uploads\/2023\/03\/Reid_20160723_13.jpg?resize=1024%2C1022&amp;ssl=1 1024w, https:\/\/i0.wp.com\/bromelakegc.org\/wp-content\/uploads\/2023\/03\/Reid_20160723_13.jpg?resize=150%2C150&amp;ssl=1 150w, https:\/\/i0.wp.com\/bromelakegc.org\/wp-content\/uploads\/2023\/03\/Reid_20160723_13.jpg?resize=768%2C767&amp;ssl=1 768w, https:\/\/i0.wp.com\/bromelakegc.org\/wp-content\/uploads\/2023\/03\/Reid_20160723_13.jpg?resize=48%2C48&amp;ssl=1 48w, https:\/\/i0.wp.com\/bromelakegc.org\/wp-content\/uploads\/2023\/03\/Reid_20160723_13.jpg?resize=250%2C250&amp;ssl=1 250w, https:\/\/i0.wp.com\/bromelakegc.org\/wp-content\/uploads\/2023\/03\/Reid_20160723_13.jpg?resize=550%2C549&amp;ssl=1 550w, https:\/\/i0.wp.com\/bromelakegc.org\/wp-content\/uploads\/2023\/03\/Reid_20160723_13.jpg?resize=800%2C798&amp;ssl=1 800w, https:\/\/i0.wp.com\/bromelakegc.org\/wp-content\/uploads\/2023\/03\/Reid_20160723_13.jpg?resize=180%2C180&amp;ssl=1 180w, https:\/\/i0.wp.com\/bromelakegc.org\/wp-content\/uploads\/2023\/03\/Reid_20160723_13.jpg?resize=301%2C300&amp;ssl=1 301w, https:\/\/i0.wp.com\/bromelakegc.org\/wp-content\/uploads\/2023\/03\/Reid_20160723_13.jpg?resize=501%2C500&amp;ssl=1 501w, https:\/\/i0.wp.com\/bromelakegc.org\/wp-content\/uploads\/2023\/03\/Reid_20160723_13.jpg?w=1028&amp;ssl=1 1028w\" sizes=\"auto, (max-width: 350px) 100vw, 350px\" \/><\/div>\n<\/div>\n<\/div>\n<p class=\"\">&nbsp;<\/p>\n<p class=\"\"><span style=\"font-family: helvetica, arial, sans-serif; font-size: 16px;\"><span style=\"color: #ffffff;\"><a class=\"button-primary button-overrides\" style=\"color: #ffffff; text-decoration: none; border-width: 0px; font-style: normal;\" href=\"https:\/\/bromelakegc.org\/fr\/membres\/\" target=\"_blank\" rel=\"noopener noreferrer\" data-font-style=\"normal\"> Devenez membre<\/a><\/span><br \/>\n<\/span><\/p>\n<\/div>\n<div class=\"col-md-1 col-sm-1 col-xs-12 col-lg-1\">\n<p class=\"\">&nbsp;<\/p>\n<p>&nbsp;<\/p>\n<p>&nbsp;<\/p>\n<\/div>\n<div class=\"col-md-3 col-sm-4 col-xs-12 wow bounceInRight col-lg-3\" data-wow-duration=\"2s\" data-wow-delay=\"0s\">\n<div class=\"bg-box-flush bg-box\" style=\"z-index: 1; position: relative; margin-bottom: -50px;\">\n<div class=\"row\">\n<div class=\"col-md-12 col-sm-12 col-xs-12 col-lg-12\">\n<div class=\"bg-box-cover color1-background-color color-1-text-contrast bg-background-color bg-box\" style=\"padding: 3em;\">\n<h3><img data-recalc-dims=\"1\" loading=\"lazy\" decoding=\"async\" class=\"alignnone wp-image-1217 size-full\" src=\"https:\/\/i0.wp.com\/bromelakegc.org\/wp-content\/uploads\/2016\/02\/0_12_600_400_Moro.jpg?resize=600%2C400&#038;ssl=1\" alt=\"\" width=\"600\" height=\"400\"><\/h3>\n<h3 class=\"\" style=\"margin-top: 0px; border-width: 0px; text-transform: none; font-style: normal; text-align: center;\" data-font-style=\"normal\"><span style=\"font-family: georgia, palatino, serif; font-size: 24px;\"><span style=\"color: #333333;\">Derni\u00e8res nouvelles<\/span><\/span><\/h3>\n<p class=\"\" style=\"text-align: center;\"><a href=\"https:\/\/bromelakegc.org\/fr\/programme-de-conferences-2026\/\">Consultez les d\u00e9tails de notre programme de conf\u00e9rences 2026! <\/a><\/p>\n<\/div>\n<\/div>\n<\/div>\n<\/div>\n<\/div>\n<div class=\"col-md-1 col-sm-12 col-xs-12 col-lg-1\"><\/div>\n<\/div>\n<div class=\"row\">\n<div class=\"col-lg-12 col-md-12 col-xs-12 col-sm-12\"><\/div>\n<\/div>\n<\/div>\n<\/div>\n<div class=\"color1-background-color color-1-text-contrast bg-background-color tmpl-about-12 boldgrid-section dynamic-gridblock\">\n<div class=\"container-fluid\">\n<div class=\"row\">\n<div class=\"col-lg-12 col-md-12 col-xs-12 col-sm-12\"><\/div>\n<\/div>\n<\/div>\n<\/div>\n","protected":false},"excerpt":{"rendered":"<p>Notre Mission De promouvoir la connaissance et la passion pour le jardinage et l\u2019horticulture, pour inspirer un plus grand respect de l&rsquo;environnement. &nbsp; &nbsp; \u00c0 propos de nous Le Club de Jardinage de Lac-Brome est dans un pittoresque village des Cantons de l&rsquo;Est. Renomm\u00e9e pour son charme historique et son caract\u00e8re d\u00e9contract\u00e9, la ville de [&hellip;]<\/p>\n","protected":false},"author":2,"featured_media":0,"parent":0,"menu_order":0,"comment_status":"closed","ping_status":"closed","template":"page_home.php","meta":{"footnotes":""},"class_list":["post-1231","page","type-page","status-publish"],"jetpack_shortlink":"https:\/\/wp.me\/P8IosC-jR","jetpack_sharing_enabled":true,"_links":{"self":[{"href":"https:\/\/bromelakegc.org\/fr\/wp-json\/wp\/v2\/pages\/1231","targetHints":{"allow":["GET"]}}],"collection":[{"href":"https:\/\/bromelakegc.org\/fr\/wp-json\/wp\/v2\/pages"}],"about":[{"href":"https:\/\/bromelakegc.org\/fr\/wp-json\/wp\/v2\/types\/page"}],"author":[{"embeddable":true,"href":"https:\/\/bromelakegc.org\/fr\/wp-json\/wp\/v2\/users\/2"}],"replies":[{"embeddable":true,"href":"https:\/\/bromelakegc.org\/fr\/wp-json\/wp\/v2\/comments?post=1231"}],"version-history":[{"count":55,"href":"https:\/\/bromelakegc.org\/fr\/wp-json\/wp\/v2\/pages\/1231\/revisions"}],"predecessor-version":[{"id":44309,"href":"https:\/\/bromelakegc.org\/fr\/wp-json\/wp\/v2\/pages\/1231\/revisions\/44309"}],"wp:attachment":[{"href":"https:\/\/bromelakegc.org\/fr\/wp-json\/wp\/v2\/media?parent=1231"}],"curies":[{"name":"wp","href":"https:\/\/api.w.org\/{rel}","templated":true}]}}