{"id":1552,"date":"2017-10-09T19:00:33","date_gmt":"2017-10-09T23:00:33","guid":{"rendered":"http:\/\/bromelakegc.org\/le-club-3\/"},"modified":"2026-01-23T18:28:19","modified_gmt":"2026-01-23T23:28:19","slug":"le-club","status":"publish","type":"page","link":"https:\/\/bromelakegc.org\/fr\/le-club\/","title":{"rendered":"Le Club"},"content":{"rendered":"<div class=\"boldgrid-section\">\n<div class=\"container\">\n<div class=\"row\">\n<div class=\"col-md-12 col-xs-12 col-sm-12 col-lg-12\"><span style=\"color: #008000; font-family: georgia, palatino, serif; font-size: 32px;\">Le Club<\/span><\/div>\n<\/div>\n<\/div>\n<\/div>\n<div class=\"boldgrid-section\">\n<div class=\"container\">\n<div class=\"row\" style=\"padding-bottom: 0px;\">\n<div class=\"col-md-12 col-margin-bottom col-xs-12 col-sm-12 col-lg-12\">\n<h2 class=\"\">Plus de 30 Ans d\u2019Histoire et de Participation<\/h2>\n<div class=\"row gridblock\">\n<div class=\"col-md-12 col-xs-12 col-sm-12 col-lg-12\">\n<div class=\"row bg-editor-hr-wrap\">\n<div class=\"col-md-12 col-xs-12 col-sm-12 col-lg-12\">\n<hr>\n<\/div>\n<\/div>\n<\/div>\n<\/div>\n<p class=\"\"><img data-recalc-dims=\"1\" loading=\"lazy\" decoding=\"async\" class=\"alignright wp-image-673 size-medium\" src=\"https:\/\/i0.wp.com\/bromelakegc.org\/wp-content\/uploads\/2016\/02\/John_B_Mitchell.jpg?resize=254%2C300&#038;ssl=1\" alt=\"John_B_Mitchell\" width=\"254\" height=\"300\" srcset=\"https:\/\/i0.wp.com\/bromelakegc.org\/wp-content\/uploads\/2016\/02\/John_B_Mitchell.jpg?resize=254%2C300&amp;ssl=1 254w, https:\/\/i0.wp.com\/bromelakegc.org\/wp-content\/uploads\/2016\/02\/John_B_Mitchell.jpg?resize=768%2C905&amp;ssl=1 768w, https:\/\/i0.wp.com\/bromelakegc.org\/wp-content\/uploads\/2016\/02\/John_B_Mitchell.jpg?resize=869%2C1024&amp;ssl=1 869w, https:\/\/i0.wp.com\/bromelakegc.org\/wp-content\/uploads\/2016\/02\/John_B_Mitchell.jpg?w=1029&amp;ssl=1 1029w\" sizes=\"auto, (max-width: 254px) 100vw, 254px\" \/><img data-recalc-dims=\"1\" loading=\"lazy\" decoding=\"async\" class=\"alignright wp-image-672 size-medium\" src=\"https:\/\/i0.wp.com\/bromelakegc.org\/wp-content\/uploads\/2016\/02\/Donald_C_Miller.jpg?resize=243%2C300&#038;ssl=1\" alt=\"Donald_C_Miller\" width=\"243\" height=\"300\" srcset=\"https:\/\/i0.wp.com\/bromelakegc.org\/wp-content\/uploads\/2016\/02\/Donald_C_Miller.jpg?resize=243%2C300&amp;ssl=1 243w, https:\/\/i0.wp.com\/bromelakegc.org\/wp-content\/uploads\/2016\/02\/Donald_C_Miller.jpg?w=600&amp;ssl=1 600w\" sizes=\"auto, (max-width: 243px) 100vw, 243px\" \/><\/p>\n<p class=\"\">Le Club de Jardinage de Lac-Brome est un organisme b\u00e9n\u00e9vole sans but lucratif fond\u00e9 en 1985 par Donald Miller et John Mitchell, deux des nombreux jardiniers accomplis et reconnus dans la r\u00e9gion. Apr\u00e8s quelques r\u00e9unions informelles, le premier conseil a \u00e9t\u00e9 tenu par Jean Mitchell \u00e0 la Maison Alva. Le nom du club, ses statuts et ses sph\u00e8res d\u2019int\u00e9r\u00eat furent abord\u00e9s. Le 24 juin 1985 marque la fondation du Club de jardinage de Knowlton.<\/p>\n<p class=\"\">Le Club compte aujourd\u2019hui 200 membres \u00e9pris de jardinage et qui mettent leur \u00e9nergie et leur expertise au service de projets horticoles, environnementaux et communautaires. Ils sont toujours heureux d\u2019\u00e9changer leurs connaissances avec d\u2019autres jardiniers.<\/p>\n<p>Les activit\u00e9s principales du Club comprennent les Visites de jardins estivales, les conf\u00e9rences d\u2019importants horticulteurs et \u00e9cologistes, et des excursions comme au Jardin Botanique de Montr\u00e9al ou aux Jardins de M\u00e9tis en Gasp\u00e9sie.<\/p>\n<p>Le Club exerce aussi un r\u00f4le actif au service de la communaut\u00e9 et de diverses fa\u00e7ons. Dans les trois \u00e9t\u00e9s derniers \u00e9t\u00e9s, une foire de plantes, de livres et d\u2019objets d\u00e9coratifs a rassembl\u00e9 toute la communaut\u00e9 de Lac Brome; une partie des recettes ont \u00e9t\u00e9 donn\u00e9es aux \u00e9coles locales. Le Club a aussi pris en main le d\u00e9sherbage de plusieurs espaces commerciaux et publics par une gu\u00e9rilla de jardinage!<\/p>\n<p class=\"\">Toutes nos activit\u00e9s sont li\u00e9es \u00e0 notre mission qui est la promotion du savoir et de la passion du jardinage et de l\u2019horticulture, et aussi du respect de l\u2019environnement et enfin du monde o\u00f9 que l\u2019on habite.<\/p>\n<h2 class=\"\" style=\"text-align: left;\"><span style=\"color: #333333; font-family: georgia, palatino, serif; font-size: 22px;\">Pr\u00e9sidents R\u00e9cents<\/span><\/h2>\n<p class=\"\">2000 &#8211; 2002 Therese Bernard<br \/>\n2002 &#8211; 2004 Jeanne Saint-Gelais<br \/>\n2004 &#8211; 2006 Paula Richardson<br \/>\n2006 &#8211; 2008 Karin Seguin<br \/>\n2008 &#8211; 2010 Mary Trudel<br \/>\n2010 &#8211; 2012 Jean Marler<br \/>\n2012 &#8211; 2013 Susan Luke Hill<br \/>\n2014 &#8211; 2023 Kirk Lawrence<br \/>\n2023 &#8211; 2025 Jennifer Rowntree<\/p>\n<h2 class=\"\"><span style=\"font-family: georgia, palatino, serif; font-size: 22px;\">Conseil d\u2019Administration<\/span><\/h2>\n<p class=\"\"><strong>Pr\u00e9sidente:<\/strong>&nbsp; Lynda White<\/p>\n<p class=\"\"><strong>Vice-Pr\u00e9sident<\/strong>: John Sykiniotis<\/p>\n<p class=\"\"><strong>Tr\u00e9sorier et adhesion:<\/strong> Walter Marinelli<\/p>\n<p class=\"\"><strong>Secr\u00e9taire<\/strong><strong>:<\/strong>&nbsp; Patricia Lavoie<\/p>\n<p class=\"\"><strong>Copr\u00e9sident(e)s&nbsp; communications<\/strong>: Michel Lavoie et Patricia Lavoie<\/p>\n<p class=\"\"><strong>S\u00e9rie de conf\u00e9rences:<\/strong> Debbie Hornig<\/p>\n<p class=\"\"><strong>Visites de jardins<\/strong>: Alison Marks<\/p>\n<p class=\"\"><strong>Coordinatrice des \u00e9v\u00e9nements sp\u00e9ciaux<\/strong>: Danielle Viau<\/p>\n<p class=\"\">&nbsp;<\/p>\n<p class=\"\">&nbsp;<\/p>\n<p class=\"\">&nbsp;<\/p>\n<\/div>\n<div class=\"col-lg-12 col-md-12 col-xs-12 col-sm-12\">\n<p class=\"\">&nbsp;<\/p>\n<\/div>\n<\/div>\n<\/div>\n<\/div>\n","protected":false},"excerpt":{"rendered":"<p>Le Club Plus de 30 Ans d\u2019Histoire et de Participation Le Club de Jardinage de Lac-Brome est un organisme b\u00e9n\u00e9vole sans but lucratif fond\u00e9 en 1985 par Donald Miller et John Mitchell, deux des nombreux jardiniers accomplis et reconnus dans la r\u00e9gion. Apr\u00e8s quelques r\u00e9unions informelles, le premier conseil a \u00e9t\u00e9 tenu par Jean Mitchell [&hellip;]<\/p>\n","protected":false},"author":2,"featured_media":0,"parent":0,"menu_order":0,"comment_status":"closed","ping_status":"closed","template":"","meta":{"footnotes":""},"class_list":["post-1552","page","type-page","status-publish"],"jetpack_shortlink":"https:\/\/wp.me\/P8IosC-p2","jetpack_sharing_enabled":true,"_links":{"self":[{"href":"https:\/\/bromelakegc.org\/fr\/wp-json\/wp\/v2\/pages\/1552","targetHints":{"allow":["GET"]}}],"collection":[{"href":"https:\/\/bromelakegc.org\/fr\/wp-json\/wp\/v2\/pages"}],"about":[{"href":"https:\/\/bromelakegc.org\/fr\/wp-json\/wp\/v2\/types\/page"}],"author":[{"embeddable":true,"href":"https:\/\/bromelakegc.org\/fr\/wp-json\/wp\/v2\/users\/2"}],"replies":[{"embeddable":true,"href":"https:\/\/bromelakegc.org\/fr\/wp-json\/wp\/v2\/comments?post=1552"}],"version-history":[{"count":27,"href":"https:\/\/bromelakegc.org\/fr\/wp-json\/wp\/v2\/pages\/1552\/revisions"}],"predecessor-version":[{"id":44285,"href":"https:\/\/bromelakegc.org\/fr\/wp-json\/wp\/v2\/pages\/1552\/revisions\/44285"}],"wp:attachment":[{"href":"https:\/\/bromelakegc.org\/fr\/wp-json\/wp\/v2\/media?parent=1552"}],"curies":[{"name":"wp","href":"https:\/\/api.w.org\/{rel}","templated":true}]}}