{"id":26738,"date":"2024-11-04T12:06:20","date_gmt":"2024-11-04T17:06:20","guid":{"rendered":"https:\/\/bromelakegc.org\/?page_id=26738"},"modified":"2026-02-26T15:06:46","modified_gmt":"2026-02-26T20:06:46","slug":"partenaires","status":"publish","type":"page","link":"https:\/\/bromelakegc.org\/fr\/partenaires\/","title":{"rendered":"Partenaires"},"content":{"rendered":"<div class=\"boldgrid-section\">\n<div class=\"container\">\n<div class=\"row\">\n<div class=\"col-md-12 col-xs-12 col-sm-12 col-lg-12\">\n<p class=\"\"><span style=\"font-family: georgia, palatino, serif; font-size: 30px; color: #008000;\">Partenaires<\/span><\/p>\n<\/div>\n<\/div>\n<\/div>\n<\/div>\n<div class=\"boldgrid-section\">\n<div class=\"container\">\n<div class=\"row\">\n<div class=\"col-md-4 col-sm-6 col-xs-12 col-lg-4\">\n<p class=\"mod-reset\"><img data-recalc-dims=\"1\" loading=\"lazy\" decoding=\"async\" class=\"alignnone wp-image-739 size-medium\" src=\"https:\/\/i0.wp.com\/bromelakegc.org\/wp-content\/uploads\/2016\/02\/Bromewood.jpg?resize=225%2C300&#038;ssl=1\" alt=\"Bromewood\" width=\"225\" height=\"300\"><\/p>\n<h2 class=\"mod-reset\">&nbsp;<\/h2>\n<h2 class=\"mod-reset\"><span style=\"font-family: georgia, palatino, serif; font-size: 24px; color: #333333;\"><a href=\"https:\/\/bromewood.ca\" target=\"_blank\" rel=\"noopener noreferrer\"><span style=\"font-size: 22px;\">Bromewood&nbsp;<\/span><\/a><span style=\"font-size: 22px;\">&nbsp;<\/span><\/span><\/h2>\n<h4 class=\"mod-reset\"><span style=\"font-size: 15px;\"><em><span style=\"font-family: georgia, palatino, serif; color: #333333;\">855 ch Shefford, Bromont<\/span><\/em><\/span><\/h4>\n<div class=\"row bg-editor-hr-wrap\">\n<div class=\"col-md-12 col-xs-12 col-sm-12 col-lg-12\">\n<hr>\n<\/div>\n<\/div>\n<p class=\"mod-reset\"><span style=\"font-family: helvetica, arial, sans-serif; font-size: 15px;\">Ameublement et accessoires de jardin.<\/span><\/p>\n<p class=\"mod-reset\"><span style=\"font-size: 15px; font-family: helvetica, arial, sans-serif;\">&nbsp;<\/span><\/p>\n<p class=\"mod-reset\"><span style=\"font-family: helvetica, arial, sans-serif; font-size: 15px;\">10% de rabais sur tout sauf les soldes<\/span><br \/>\n<span style=\"font-family: helvetica, arial, sans-serif; font-size: 15px;\">et les arrangements floraux. <\/span><\/p>\n<\/div>\n<div class=\"col-md-4 col-sm-6 col-xs-12 col-lg-4\">\n<p class=\"mod-reset\"><img data-recalc-dims=\"1\" loading=\"lazy\" decoding=\"async\" class=\"alignnone wp-image-741 size-full\" src=\"https:\/\/i0.wp.com\/bromelakegc.org\/wp-content\/uploads\/2016\/02\/Foster.jpg?resize=600%2C450&#038;ssl=1\" alt=\"Foster\" width=\"600\" height=\"450\" srcset=\"https:\/\/i0.wp.com\/bromelakegc.org\/wp-content\/uploads\/2016\/02\/Foster.jpg?w=600&amp;ssl=1 600w, https:\/\/i0.wp.com\/bromelakegc.org\/wp-content\/uploads\/2016\/02\/Foster.jpg?resize=300%2C225&amp;ssl=1 300w\" sizes=\"auto, (max-width: 600px) 100vw, 600px\" \/><\/p>\n<h2 class=\"mod-reset\">&nbsp;<\/h2>\n<h2 class=\"mod-reset\"><a href=\"https:\/\/www.passionjardins.com\/marchands\/centre-jardin-foster\" target=\"_blank\" rel=\"noopener noreferrer\"><span style=\"font-size: 24px; font-family: georgia, palatino, serif;\">Jardins Foster&nbsp;<\/span><\/a><\/h2>\n<h4 class=\"mod-reset\"><span style=\"font-size: 15px;\"><em><span style=\"font-family: georgia, palatino, serif;\">749 ch Lakeside, Lac Brome<\/span><\/em><\/span><\/h4>\n<div class=\"row bg-editor-hr-wrap\">\n<div class=\"col-md-12 col-xs-12 col-sm-12 col-lg-12\">\n<hr>\n<\/div>\n<\/div>\n<p class=\"mod-reset\"><span style=\"font-family: helvetica, arial, sans-serif; font-size: 15px;\">Extraordinaire s\u00e9lection d&rsquo;annuelles, de<\/span><br \/>\n<span style=\"font-family: helvetica, arial, sans-serif; font-size: 15px;\">vivaces, d&rsquo;arbres, d&rsquo;arbustes, de l\u00e9gumes<\/span><br \/>\n<span style=\"font-family: helvetica, arial, sans-serif; font-size: 15px;\">et de d\u00e9corations de jardins.<\/span><\/p>\n<p class=\"mod-reset\"><span style=\"font-size: 15px;\">&nbsp;<\/span><\/p>\n<p class=\"mod-reset\"><span style=\"font-family: helvetica, arial, sans-serif; font-size: 15px;\">10% de rabais sur toutes les plantes, sauf les<\/span><br \/>\n<span style=\"font-family: helvetica, arial, sans-serif; font-size: 15px;\">arrangements floraux dans des pots et paniers.<\/span><\/p>\n<\/div>\n<div><\/div>\n<div><\/div>\n<div class=\"col-lg-11 col-md-12 col-xs-12 col-sm-12\">\n<p class=\"\">&nbsp;<\/p>\n<\/div>\n<div class=\"col-lg-1 col-md-1 col-sm-12 col-xs-12 added-element\">\n<p>&nbsp;<\/p>\n<\/div>\n<\/div>\n<\/div>\n<\/div>\n<div class=\"boldgrid-section\">\n<div class=\"container\">\n<div class=\"row\"><\/div>\n<\/div>\n<\/div>\n<div class=\"boldgrid-section\">\n<div class=\"container\">\n<div class=\"row\">\n<div class=\"col-md-4 col-sm-6 col-xs-12 col-lg-4\">\n<p class=\"mod-reset\"><img data-recalc-dims=\"1\" loading=\"lazy\" decoding=\"async\" class=\"alignnone wp-image-745 size-full\" src=\"https:\/\/i0.wp.com\/bromelakegc.org\/wp-content\/uploads\/2016\/02\/Paquette.jpg?resize=600%2C450&#038;ssl=1\" alt=\"Paquette\" width=\"600\" height=\"450\" srcset=\"https:\/\/i0.wp.com\/bromelakegc.org\/wp-content\/uploads\/2016\/02\/Paquette.jpg?w=600&amp;ssl=1 600w, https:\/\/i0.wp.com\/bromelakegc.org\/wp-content\/uploads\/2016\/02\/Paquette.jpg?resize=300%2C225&amp;ssl=1 300w\" sizes=\"auto, (max-width: 600px) 100vw, 600px\" \/><\/p>\n<h2 class=\"mod-reset\">&nbsp;<\/h2>\n<h2 class=\"mod-reset\"><a href=\"http:\/\/www.jardinspaquette.com\/\" target=\"_blank\" rel=\"noopener noreferrer\"><span style=\"font-size: 22px;\"><span style=\"line-height: 1.1; font-family: georgia, palatino, serif;\">Jardins Paquette<\/span>&nbsp;<\/span><\/a><\/h2>\n<h4 class=\"mod-reset\"><span style=\"font-size: 15px;\"><em><span style=\"font-family: georgia, palatino, serif;\">1491 route 139,&nbsp;Sutton<\/span><\/em><\/span><\/h4>\n<div class=\"row bg-editor-hr-wrap\">\n<div class=\"col-md-12 col-xs-12 col-sm-12 col-lg-12\">\n<hr>\n<\/div>\n<\/div>\n<p class=\"mod-reset\"><span style=\"color: #333333; font-family: helvetica, arial, sans-serif; font-size: 15px;\">Un pionnier des plantes vivaces rustiques au Qu\u00e9bec. Arbres-arbustes-et vivaces de toutes sortes.<\/span><\/p>\n<p class=\"mod-reset\"><span style=\"font-size: 15px;\">&nbsp;<\/span><\/p>\n<p class=\"mod-reset\"><span style=\"font-size: 15px; font-family: helvetica, arial, sans-serif;\">10% de rabais sur les arbres-arbustes* et 15% sur les plantes vivaces.<\/span><\/p>\n<p class=\"\">&nbsp;<\/p>\n<p class=\"mod-reset\"><span style=\"font-size: 15px; font-family: georgia, palatino, serif;\"><em>*Non valable pour les annuelles, le terreau, le compost, le paillis ou les accessoires. Et toujours pr\u00e9senter votre carte de membre avant la transaction (si elle est present\u00e9e par la suite, aucun rabais ne sera accord\u00e9).<\/em><\/span><\/p>\n<\/div>\n<div class=\"col-md-4 col-sm-6 col-xs-12 col-lg-4\">\n<p class=\"mod-reset\"><img data-recalc-dims=\"1\" loading=\"lazy\" decoding=\"async\" class=\"alignnone wp-image-1082 size-full\" src=\"https:\/\/i0.wp.com\/bromelakegc.org\/wp-content\/uploads\/2016\/02\/Reves-Jardins.jpg?resize=599%2C450&#038;ssl=1\" alt=\"\" width=\"599\" height=\"450\" srcset=\"https:\/\/i0.wp.com\/bromelakegc.org\/wp-content\/uploads\/2016\/02\/Reves-Jardins.jpg?w=599&amp;ssl=1 599w, https:\/\/i0.wp.com\/bromelakegc.org\/wp-content\/uploads\/2016\/02\/Reves-Jardins.jpg?resize=300%2C225&amp;ssl=1 300w\" sizes=\"auto, (max-width: 599px) 100vw, 599px\" \/><\/p>\n<h2 class=\"mod-reset\">&nbsp;<\/h2>\n<h2 class=\"mod-reset\"><a href=\"http:\/\/www.revesetjardins.com\/\" target=\"_blank\" rel=\"noopener noreferrer\"><span style=\"font-size: 22px;\"><span style=\"font-family: georgia, palatino, serif;\">R\u00eaves et Jardins<\/span><\/span><\/a><\/h2>\n<h4 class=\"mod-reset\"><span style=\"font-size: 15px;\"><em><span style=\"font-family: georgia, palatino, serif;\">1080 ch Knowlton, West-Brome<\/span><\/em><\/span><\/h4>\n<div>\n<div class=\"row bg-editor-hr-wrap\">\n<div class=\"col-md-12 col-xs-12 col-sm-12 col-lg-12\">\n<hr>\n<\/div>\n<\/div>\n<p class=\"\"><span style=\"font-family: helvetica, arial, sans-serif; font-size: 15px;\">R\u00e9alisez vos r\u00eaves, immense centre de <\/span><br \/>\n<span style=\"font-family: helvetica, arial, sans-serif; font-size: 15px;\">jardinage et centre de culture hydroponique.<\/span><\/p>\n<\/div>\n<p class=\"mod-reset\"><span style=\"font-family: helvetica, arial, sans-serif; font-size: 15px;\">10% de rabais sur tout sauf les soldes.<\/span><\/p>\n<\/div>\n<div class=\"col-md-4 col-sm-6 col-xs-12 col-lg-4\">\n<p class=\"mod-reset\"><img data-recalc-dims=\"1\" loading=\"lazy\" decoding=\"async\" class=\"alignnone size-full wp-image-45513\" src=\"https:\/\/i0.wp.com\/bromelakegc.org\/wp-content\/uploads\/2026\/02\/faucher-plantes-et-paves-2-adresses.png?resize=992%2C754&#038;ssl=1\" alt=\"\" width=\"992\" height=\"754\" srcset=\"https:\/\/i0.wp.com\/bromelakegc.org\/wp-content\/uploads\/2026\/02\/faucher-plantes-et-paves-2-adresses.png?w=992&amp;ssl=1 992w, https:\/\/i0.wp.com\/bromelakegc.org\/wp-content\/uploads\/2026\/02\/faucher-plantes-et-paves-2-adresses.png?resize=300%2C228&amp;ssl=1 300w, https:\/\/i0.wp.com\/bromelakegc.org\/wp-content\/uploads\/2026\/02\/faucher-plantes-et-paves-2-adresses.png?resize=768%2C584&amp;ssl=1 768w, https:\/\/i0.wp.com\/bromelakegc.org\/wp-content\/uploads\/2026\/02\/faucher-plantes-et-paves-2-adresses.png?resize=250%2C190&amp;ssl=1 250w, https:\/\/i0.wp.com\/bromelakegc.org\/wp-content\/uploads\/2026\/02\/faucher-plantes-et-paves-2-adresses.png?resize=550%2C418&amp;ssl=1 550w, https:\/\/i0.wp.com\/bromelakegc.org\/wp-content\/uploads\/2026\/02\/faucher-plantes-et-paves-2-adresses.png?resize=800%2C608&amp;ssl=1 800w, https:\/\/i0.wp.com\/bromelakegc.org\/wp-content\/uploads\/2026\/02\/faucher-plantes-et-paves-2-adresses.png?resize=237%2C180&amp;ssl=1 237w, https:\/\/i0.wp.com\/bromelakegc.org\/wp-content\/uploads\/2026\/02\/faucher-plantes-et-paves-2-adresses.png?resize=395%2C300&amp;ssl=1 395w, https:\/\/i0.wp.com\/bromelakegc.org\/wp-content\/uploads\/2026\/02\/faucher-plantes-et-paves-2-adresses.png?resize=658%2C500&amp;ssl=1 658w\" sizes=\"auto, (max-width: 992px) 100vw, 992px\" \/><\/p>\n<h2 class=\"mod-reset\">&nbsp;<\/h2>\n<p class=\"mod-reset\"><span style=\"font-size: 22px;\"><a href=\"https:\/\/faucherplantespaves.ca\/\"><span style=\"font-family: georgia, palatino, serif;\">Faucher&nbsp; plantes &amp; pav\u00e9s<\/span><\/a>&nbsp;<\/span><\/p>\n<h4 class=\"mod-reset\"><span style=\"font-size: 15px;\"><em><span style=\"font-family: georgia, palatino, serif;\">15 ch des Carri\u00e8res, Bromont<\/span><\/em><\/span><\/h4>\n<div class=\"row bg-editor-hr-wrap\">\n<div class=\"col-md-12 col-xs-12 col-sm-12 col-lg-12\">\n<hr>\n<\/div>\n<\/div>\n<div>C\u2019est avec grand plaisir que nous acceptons d\u2019offrir un rabais de 10% sur les articles de jardinage \u00e0 vos membres (ceci exclus les produits en vrac et les produits de b\u00e9ton, tels que les pav\u00e9s, dalles, blocs et murets) ainsi que les frais de livraison.<\/div>\n<div>Nous avons deux succursales (voir plus haut). La carte de membre sera accept\u00e9e aux deux endroits.<\/div>\n<\/div>\n<div><\/div>\n<div><\/div>\n<div class=\"col-lg-12 col-md-12 col-xs-12 col-sm-12\">\n<p class=\"\">&nbsp;<\/p>\n<\/div>\n<\/div>\n<\/div>\n<\/div>\n<div class=\"boldgrid-section\">\n<div class=\"container\">\n<div class=\"row\">\n<div class=\"col-md-4 col-sm-3 col-xs-12 col-lg-4\">\n<p class=\"mod-reset\"><img data-recalc-dims=\"1\" loading=\"lazy\" decoding=\"async\" class=\"alignnone wp-image-742 size-full\" src=\"https:\/\/i0.wp.com\/bromelakegc.org\/wp-content\/uploads\/2016\/02\/Granby.jpg?resize=600%2C450&#038;ssl=1\" alt=\"Granby\" width=\"600\" height=\"450\" srcset=\"https:\/\/i0.wp.com\/bromelakegc.org\/wp-content\/uploads\/2016\/02\/Granby.jpg?w=600&amp;ssl=1 600w, https:\/\/i0.wp.com\/bromelakegc.org\/wp-content\/uploads\/2016\/02\/Granby.jpg?resize=300%2C225&amp;ssl=1 300w\" sizes=\"auto, (max-width: 600px) 100vw, 600px\" \/><\/p>\n<h2 class=\"mod-reset\">&nbsp;<\/h2>\n<h2 class=\"mod-reset\"><a href=\"http:\/\/www.centrejardinagegranby.com\/\" target=\"_blank\" rel=\"noopener noreferrer\"><span style=\"font-size: 22px;\"><span style=\"font-family: georgia, palatino, serif;\">Centre Jardinage Granby<\/span>&nbsp;<\/span><\/a><\/h2>\n<h4 class=\"mod-reset\"><span style=\"font-size: 15px;\"><em><span style=\"font-family: georgia, palatino, serif;\">55 rue Bruce, Granby<\/span><\/em><\/span><\/h4>\n<div class=\"row bg-editor-hr-wrap\">\n<div class=\"col-md-12 col-xs-12 col-sm-12 col-lg-12\">\n<hr>\n<\/div>\n<\/div>\n<p class=\"mod-reset\"><span style=\"font-size: 15px; font-family: helvetica, arial, sans-serif;\">Un des plus grands choix de plantes <\/span><br \/>\n<span style=\"font-size: 15px; font-family: helvetica, arial, sans-serif;\"> entre Sherbrooke et Montr\u00e9al avec plus<\/span><br \/>\n<span style=\"font-size: 15px; font-family: helvetica, arial, sans-serif;\"> de 1000 vari\u00e9t\u00e9s de vivaces.<\/span><\/p>\n<p class=\"mod-reset\"><span style=\"font-size: 15px;\">&nbsp;<\/span><\/p>\n<div><span style=\"font-family: helvetica, arial, sans-serif; font-size: 15px;\">7% de rabais sur tout prix r\u00e9guliers.<\/span><\/div>\n<\/div>\n<div class=\"col-md-4 col-sm-1 col-xs-12 col-lg-4\">\n<p class=\"mod-reset\"><img data-recalc-dims=\"1\" loading=\"lazy\" decoding=\"async\" class=\"alignnone wp-image-1227 size-full\" src=\"https:\/\/i0.wp.com\/bromelakegc.org\/wp-content\/uploads\/2016\/02\/0_0_450_337_Abbotsford.jpg?resize=450%2C337&#038;ssl=1\" alt=\"\" width=\"450\" height=\"337\" srcset=\"https:\/\/i0.wp.com\/bromelakegc.org\/wp-content\/uploads\/2016\/02\/Abbotsford.jpg?w=450&amp;ssl=1 450w, https:\/\/i0.wp.com\/bromelakegc.org\/wp-content\/uploads\/2016\/02\/Abbotsford.jpg?resize=300%2C225&amp;ssl=1 300w\" sizes=\"auto, (max-width: 450px) 100vw, 450px\" \/><\/p>\n<h2 class=\"mod-reset\">&nbsp;<\/h2>\n<h2 class=\"mod-reset\"><a href=\"https:\/\/pepiniereabbotsford.com\/\"><span style=\"font-size: 22px;\"><span style=\"font-family: georgia, palatino, serif;\">P\u00e9pini\u00e8re Abbotsford<\/span>&nbsp;<\/span><\/a><\/h2>\n<h4 class=\"mod-reset\"><span style=\"font-size: 15px;\"><em><span style=\"font-family: georgia, palatino, serif;\">605 rue Principale, St-Paul-d &lsquo;Abbotsford<\/span><\/em><\/span><\/h4>\n<div class=\"row bg-editor-hr-wrap\">\n<div class=\"col-md-12 col-xs-12 col-sm-12 col-lg-12\">\n<hr>\n<\/div>\n<\/div>\n<p class=\"mod-reset\">Un Disneyland pour les jardiniers. D\u00e9couvrez des milliers d&rsquo;arbres, de vivaces, d&rsquo;annuelles, de fontaines et de statues, ainsi que des accessoires de jardinage et d&rsquo;ornithologie, et bien plus encore.<\/p>\n<p class=\"\">&nbsp;<\/p>\n<div><span class=\"\" style=\"font-family: helvetica, arial, sans-serif; font-size: 15px;\">7% de rabais sur tout, sauf les articles en solde.<\/span><\/div>\n<\/div>\n<div class=\"col-md-4 col-sm-3 col-xs-12 col-lg-4\">\n<h2 class=\"mod-reset\">&nbsp;<\/h2>\n<div class=\"row bg-editor-hr-wrap\">\n<div class=\"col-md-12 col-xs-12 col-sm-12 col-lg-12\">\n<div><\/div>\n<\/div>\n<\/div>\n<\/div>\n<div class=\"col-md-4 col-sm-6 col-xs-12 col-lg-4\">\n<p class=\"mod-reset\">&nbsp;<\/p>\n<\/div>\n<div class=\"col-md-4 col-sm-5 col-xs-12 col-lg-4\">\n<div class=\"row bg-editor-hr-wrap\">\n<div class=\"col-md-12 col-xs-12 col-sm-12 col-lg-12\">\n<div><\/div>\n<\/div>\n<\/div>\n<p class=\"mod-reset\">&nbsp;<\/p>\n<\/div>\n<div><\/div>\n<div><\/div>\n<\/div>\n<\/div>\n<\/div>\n<div class=\"boldgrid-section\">\n<div class=\"container\">\n<div class=\"row\">\n<div class=\"col-md-12 col-xs-12 col-sm-12 col-lg-12\">\n<div class=\"mod-alpha\">\n<p>&nbsp;<\/p>\n<p class=\"\" style=\"text-align: left;\"><em><span style=\"font-family: georgia, palatino, serif; font-size: 15px;\">Pour tous vos achats en magasin, pr\u00e9senter votre carte de membre du Club avant la transaction.<\/span><\/em><\/p>\n<p class=\"\" style=\"text-align: left;\"><span style=\"font-family: georgia, palatino, serif;\"><em><span style=\"font-size: 15px;\">Pour la P\u00e9pini\u00e8re de Lilas Select Plus International, mentionner votre adh\u00e9sion au&nbsp;Club et votre num\u00e9ro de membre sur le formulaire de commande.https:\/\/bromewood.ca\/<\/span><\/em><\/span><\/p>\n<p>&nbsp;<\/p>\n<\/div>\n<\/div>\n<\/div>\n<\/div>\n<\/div>\n","protected":false},"excerpt":{"rendered":"<p>Partenaires &nbsp; Bromewood&nbsp;&nbsp; 855 ch Shefford, Bromont Ameublement et accessoires de jardin. &nbsp; 10% de rabais sur tout sauf les soldes et les arrangements floraux. &nbsp; Jardins Foster&nbsp; 749 ch Lakeside, Lac Brome Extraordinaire s\u00e9lection d&rsquo;annuelles, de vivaces, d&rsquo;arbres, d&rsquo;arbustes, de l\u00e9gumes et de d\u00e9corations de jardins. &nbsp; 10% de rabais sur toutes les plantes, [&hellip;]<\/p>\n","protected":false},"author":5,"featured_media":0,"parent":0,"menu_order":0,"comment_status":"closed","ping_status":"closed","template":"","meta":{"footnotes":""},"class_list":["post-26738","page","type-page","status-publish"],"jetpack_shortlink":"https:\/\/wp.me\/P8IosC-6Xg","jetpack_sharing_enabled":true,"_links":{"self":[{"href":"https:\/\/bromelakegc.org\/fr\/wp-json\/wp\/v2\/pages\/26738","targetHints":{"allow":["GET"]}}],"collection":[{"href":"https:\/\/bromelakegc.org\/fr\/wp-json\/wp\/v2\/pages"}],"about":[{"href":"https:\/\/bromelakegc.org\/fr\/wp-json\/wp\/v2\/types\/page"}],"author":[{"embeddable":true,"href":"https:\/\/bromelakegc.org\/fr\/wp-json\/wp\/v2\/users\/5"}],"replies":[{"embeddable":true,"href":"https:\/\/bromelakegc.org\/fr\/wp-json\/wp\/v2\/comments?post=26738"}],"version-history":[{"count":14,"href":"https:\/\/bromelakegc.org\/fr\/wp-json\/wp\/v2\/pages\/26738\/revisions"}],"predecessor-version":[{"id":46213,"href":"https:\/\/bromelakegc.org\/fr\/wp-json\/wp\/v2\/pages\/26738\/revisions\/46213"}],"wp:attachment":[{"href":"https:\/\/bromelakegc.org\/fr\/wp-json\/wp\/v2\/media?parent=26738"}],"curies":[{"name":"wp","href":"https:\/\/api.w.org\/{rel}","templated":true}]}}