{"id":37167,"date":"2025-09-02T12:38:28","date_gmt":"2025-09-02T16:38:28","guid":{"rendered":"https:\/\/bromelakegc.org\/?page_id=37167"},"modified":"2026-01-20T15:42:00","modified_gmt":"2026-01-20T20:42:00","slug":"programme-de-conferences-2026","status":"publish","type":"page","link":"https:\/\/bromelakegc.org\/fr\/programme-de-conferences-2026\/","title":{"rendered":"Programme de Conf\u00e9rences 2026"},"content":{"rendered":"<div class=\"boldgrid-section\">\n<div class=\"container\">\n<div class=\"row\" style=\"padding-top: 1px;\">\n<div class=\"col-lg-12 col-md-12 col-xs-12 col-sm-12\">\n<div class=\"\">\n<h4 class=\"\"><strong style=\"font-family: inherit; font-size: 30px;\">Conf\u00e9rences<\/strong><\/h4>\n<h4 class=\"\"><b>Th\u00e9atre Lac Brome<\/b><\/h4>\n<h4 class=\"\"><strong>9 Chemin du Mont Echo<\/strong><\/h4>\n<h4 class=\"\"><strong>Lac Brome<\/strong><\/h4>\n<p class=\"\">&nbsp;<\/p>\n<h4 class=\"\"><strong>De 14 h \u00e0 16 h<\/strong><\/h4>\n<h4 class=\"\"><strong>Rafra\u00eechissements servis \u00e0 13h30.<\/strong><\/h4>\n<h4 class=\"\"><strong>La Conf\u00e9rence d\u00e9bute \u00e0 14h00.<\/strong><\/h4>\n<h4 class=\"\"><strong class=\"\">Bienvenue aux invit\u00e9s pour une somme de 10$.<\/strong><\/h4>\n<h4 class=\"\">&nbsp;<\/h4>\n<table width=\"100%\">\n<tbody>\n<tr>\n<td class=\"\" width=\"100%\">\n<table style=\"height: 261px; width: 100%;\" width=\"100%\">\n<tbody>\n<tr style=\"height: 261px;\">\n<td style=\"height: 261px; width: 100%;\">\n<table>\n<tbody>\n<tr style=\"height: 219px;\">\n<td style=\"width: 100%; height: 219px;\">\n<table width=\"100%\">\n<tbody>\n<tr style=\"height: 196px;\">\n<td style=\"width: 100%; height: 196px;\">\n<table width=\"100%\">\n<tbody>\n<tr style=\"height: 173px;\">\n<td style=\"width: 100%; height: 173px;\">\n<h3><strong class=\"\">Dimanche 18 janvier 2026<\/strong><\/h3>\n<p>Syed Mohamed et Nancy Lanteigne, de Ferme WB (et Apiculture WB INC), sont des producteurs certifi\u00e9s de miel biologique et de b\u0153uf et veau Highland \u00e9lev\u00e9s en p\u00e2turage et nourris \u00e0 l&rsquo;herbe.<\/p>\n<p>Th\u00e8me : D\u00e9couvrez les plantes indig\u00e8nes essentielles au soutien des \u00e9cosyst\u00e8mes locaux et des pollinisateurs qui en d\u00e9pendent pour se nourrir et s&rsquo;abriter. Cette conf\u00e9rence met&nbsp; en avant les pratiques durables qui am\u00e9liorent la sant\u00e9 des sols, favorisent la biodiversit\u00e9 et apportent des avantages \u00e9conomiques.<\/p>\n<p>&nbsp;<\/p>\n<h3><strong>Dimanche 22 f\u00e9vrier 2026 <\/strong><\/h3>\n<p>Conf\u00e9rencier Maxime Gagnon, copropri\u00e9taire de R\u00eaves et Jardins, dont les sp\u00e9cialit\u00e9s inclues&nbsp; l&rsquo;horticulture, l&rsquo;am\u00e9nagement paysager, la culture hydroponique, les jardins aquatiques, les potagers et les terrariums.<\/p>\n<p>Sujet : Semis partir de z\u00e9ro. Comment choisir les graines et quand les planter. De la culture sous lumi\u00e8re artificielle, au m\u00e9lange de terre et \u00e0 la fertilisation, en passant par la germination et les soins. Quand repiquer, astuces pratiques, conseils d&rsquo;experts et erreurs courantes \u00e0 \u00e9viter.<\/p>\n<p style=\"font-weight: 400;\">&nbsp;<\/p>\n<h3><strong style=\"font-family: inherit; font-size: 24px;\">Dimanche 29 mars 2026<\/strong><\/h3>\n<p>Les conf\u00e9renciers Philippe Choini\u00e8re et Stacey Lecuyer ont fond\u00e9 la ferme Oneka \u00e0 Frelighsburg, o\u00f9 des plantes m\u00e9dicinales sont soigneusement s\u00e9lectionn\u00e9es, r\u00e9colt\u00e9es et assembl\u00e9es selon une formule qui est devenue la signature de Oneka.<\/p>\n<p>Th\u00e8me : Des pommes aux herbes m\u00e9dicinales et aux huiles essentielles. Oneka est une entreprise locale dont les produits, fabriqu\u00e9s \u00e0 Sherbrooke et \u00e0 Frelighsburg, sont maintenant disponibles dans plus de 300 h\u00f4tel<\/p>\n<p style=\"font-weight: 400;\">&nbsp;<\/p>\n<h4>&nbsp;<\/h4>\n<\/td>\n<\/tr>\n<\/tbody>\n<\/table>\n<\/td>\n<\/tr>\n<\/tbody>\n<\/table>\n<\/td>\n<\/tr>\n<\/tbody>\n<\/table>\n<\/td>\n<\/tr>\n<\/tbody>\n<\/table>\n<\/td>\n<\/tr>\n<\/tbody>\n<\/table>\n<\/div>\n<\/div>\n<\/div>\n<\/div>\n<\/div>\n","protected":false},"excerpt":{"rendered":"<p>Conf\u00e9rences Th\u00e9atre Lac Brome 9 Chemin du Mont Echo Lac Brome &nbsp; De 14 h \u00e0 16 h Rafra\u00eechissements servis \u00e0 13h30. La Conf\u00e9rence d\u00e9bute \u00e0 14h00. Bienvenue aux invit\u00e9s pour une somme de 10$. &nbsp; Dimanche 18 janvier 2026 Syed Mohamed et Nancy Lanteigne, de Ferme WB (et Apiculture WB INC), sont des producteurs [&hellip;]<\/p>\n","protected":false},"author":5,"featured_media":0,"parent":0,"menu_order":0,"comment_status":"closed","ping_status":"closed","template":"","meta":{"footnotes":""},"class_list":["post-37167","page","type-page","status-publish"],"jetpack_shortlink":"https:\/\/wp.me\/P8IosC-9Ft","jetpack_sharing_enabled":true,"_links":{"self":[{"href":"https:\/\/bromelakegc.org\/fr\/wp-json\/wp\/v2\/pages\/37167","targetHints":{"allow":["GET"]}}],"collection":[{"href":"https:\/\/bromelakegc.org\/fr\/wp-json\/wp\/v2\/pages"}],"about":[{"href":"https:\/\/bromelakegc.org\/fr\/wp-json\/wp\/v2\/types\/page"}],"author":[{"embeddable":true,"href":"https:\/\/bromelakegc.org\/fr\/wp-json\/wp\/v2\/users\/5"}],"replies":[{"embeddable":true,"href":"https:\/\/bromelakegc.org\/fr\/wp-json\/wp\/v2\/comments?post=37167"}],"version-history":[{"count":3,"href":"https:\/\/bromelakegc.org\/fr\/wp-json\/wp\/v2\/pages\/37167\/revisions"}],"predecessor-version":[{"id":43970,"href":"https:\/\/bromelakegc.org\/fr\/wp-json\/wp\/v2\/pages\/37167\/revisions\/43970"}],"wp:attachment":[{"href":"https:\/\/bromelakegc.org\/fr\/wp-json\/wp\/v2\/media?parent=37167"}],"curies":[{"name":"wp","href":"https:\/\/api.w.org\/{rel}","templated":true}]}}