{"id":37174,"date":"2025-09-02T12:51:29","date_gmt":"2025-09-02T16:51:29","guid":{"rendered":"https:\/\/bromelakegc.org\/?page_id=37174"},"modified":"2026-03-18T09:08:43","modified_gmt":"2026-03-18T13:08:43","slug":"visites-de-jardins-estivales-2026","status":"publish","type":"page","link":"https:\/\/bromelakegc.org\/fr\/visites-de-jardins-estivales-2026\/","title":{"rendered":"Visites de jardins estivales 2026"},"content":{"rendered":"<div class=\"boldgrid-section\">\n<div class=\"container\">\n<div class=\"row\">\n<div class=\"col-lg-12 col-md-12 col-xs-12 col-sm-12\">\n<h2 class=\"\"><b>Visites<\/b><\/h2>\n<h4 class=\"\">&nbsp;<\/h4>\n<table width=\"100%\" data-num-rows=\"NaN\">\n<tbody>\n<tr>\n<td width=\"100%\">\n<table width=\"100%\">\n<tbody>\n<tr>\n<td>\n<table style=\"height: 306px;\">\n<tbody>\n<tr style=\"height: 64px;\">\n<td style=\"width: 100%; height: 64px;\">\n<h3><strong>Dates \u00e0 venir<\/strong><\/h3>\n<p>&nbsp;<\/p>\n<p>&nbsp;<\/p>\n<p>*Veuillez vous abonner \u00e0 l&rsquo;infolettre r\u00e9serv\u00e9e aux membres pour recevoir les dates et adresses exactes de la tourn\u00e9e.<\/td>\n<\/tr>\n<tr style=\"height: 39px;\">\n<td style=\"width: 100%; height: 39px;\">&nbsp;<\/td>\n<\/tr>\n<tr style=\"height: 63px;\">\n<td style=\"height: 63px; width: 100%;\">&nbsp;<\/td>\n<\/tr>\n<tr style=\"height: 39px;\">\n<td style=\"width: 100%; height: 39px;\">&nbsp;<\/td>\n<\/tr>\n<tr style=\"height: 63px;\">\n<td style=\"width: 100%; height: 63px;\">&nbsp;<\/td>\n<\/tr>\n<tr style=\"height: 39px;\">\n<td style=\"width: 100%; height: 39px;\">&nbsp;<\/td>\n<\/tr>\n<\/tbody>\n<\/table>\n<\/td>\n<\/tr>\n<\/tbody>\n<\/table>\n<\/td>\n<\/tr>\n<\/tbody>\n<\/table>\n<\/div>\n<\/div>\n<\/div>\n<\/div>\n","protected":false},"excerpt":{"rendered":"<p>Visites &nbsp; Dates \u00e0 venir &nbsp; &nbsp; *Veuillez vous abonner \u00e0 l&rsquo;infolettre r\u00e9serv\u00e9e aux membres pour recevoir les dates et adresses exactes de la tourn\u00e9e. &nbsp; &nbsp; &nbsp; &nbsp; &nbsp;<\/p>\n","protected":false},"author":5,"featured_media":0,"parent":0,"menu_order":0,"comment_status":"closed","ping_status":"closed","template":"","meta":{"footnotes":""},"class_list":["post-37174","page","type-page","status-publish"],"jetpack_shortlink":"https:\/\/wp.me\/P8IosC-9FA","jetpack_sharing_enabled":true,"_links":{"self":[{"href":"https:\/\/bromelakegc.org\/fr\/wp-json\/wp\/v2\/pages\/37174","targetHints":{"allow":["GET"]}}],"collection":[{"href":"https:\/\/bromelakegc.org\/fr\/wp-json\/wp\/v2\/pages"}],"about":[{"href":"https:\/\/bromelakegc.org\/fr\/wp-json\/wp\/v2\/types\/page"}],"author":[{"embeddable":true,"href":"https:\/\/bromelakegc.org\/fr\/wp-json\/wp\/v2\/users\/5"}],"replies":[{"embeddable":true,"href":"https:\/\/bromelakegc.org\/fr\/wp-json\/wp\/v2\/comments?post=37174"}],"version-history":[{"count":9,"href":"https:\/\/bromelakegc.org\/fr\/wp-json\/wp\/v2\/pages\/37174\/revisions"}],"predecessor-version":[{"id":47009,"href":"https:\/\/bromelakegc.org\/fr\/wp-json\/wp\/v2\/pages\/37174\/revisions\/47009"}],"wp:attachment":[{"href":"https:\/\/bromelakegc.org\/fr\/wp-json\/wp\/v2\/media?parent=37174"}],"curies":[{"name":"wp","href":"https:\/\/api.w.org\/{rel}","templated":true}]}}